{"id":10391,"date":"2018-07-15T11:45:07","date_gmt":"2018-07-15T15:45:07","guid":{"rendered":"https:\/\/worldfunding.org\/eu-tenho-um-projeto\/"},"modified":"2023-08-25T16:35:05","modified_gmt":"2023-08-25T20:35:05","slug":"eu-tenho-um-projeto","status":"publish","type":"page","link":"https:\/\/worldfunding.org\/br\/eu-tenho-um-projeto\/","title":{"rendered":"Eu Tenho Um Projeto!"},"content":{"rendered":"\t\t<div data-elementor-type=\"wp-post\" data-elementor-id=\"10391\" class=\"elementor elementor-10391 elementor-229\" data-elementor-post-type=\"page\">\n\t\t\t\t\t\t\t\t\t<section class=\"elementor-section elementor-top-section elementor-element elementor-element-f3f99e0 elementor-section-content-middle elementor-section-full_width elementor-section-stretched sc_extra_bg_tiny elementor-section-height-default elementor-section-height-default\" data-id=\"f3f99e0\" data-element_type=\"section\" data-settings=\"{&quot;background_background&quot;:&quot;classic&quot;,&quot;stretch_section&quot;:&quot;section-stretched&quot;}\">\n\t\t\t\t\t\t<div class=\"elementor-container elementor-column-gap-default\">\n\t\t\t\t\t<div class=\"elementor-column elementor-col-100 elementor-top-column elementor-element elementor-element-b7995f2 sc_layouts_column_icons_position_left elementor-invisible\" data-id=\"b7995f2\" data-element_type=\"column\" data-settings=\"{&quot;animation&quot;:&quot;fadeInRight&quot;,&quot;background_background&quot;:&quot;classic&quot;}\">\n\t\t\t<div class=\"elementor-widget-wrap elementor-element-populated\">\n\t\t\t\t\t\t\t\t<div class=\"elementor-element elementor-element-a6f50bc sc_height_large sc_fly_static elementor-widget elementor-widget-spacer\" data-id=\"a6f50bc\" data-element_type=\"widget\" data-widget_type=\"spacer.default\">\n\t\t\t\t<div class=\"elementor-widget-container\">\n\t\t\t\t\t<div class=\"elementor-spacer\">\n\t\t\t<div class=\"elementor-spacer-inner\"><\/div>\n\t\t<\/div>\n\t\t\t\t<\/div>\n\t\t\t\t<\/div>\n\t\t\t\t<div class=\"elementor-element elementor-element-1b54de1 elementor-widget__width-auto sc_fly_static elementor-widget elementor-widget-trx_sc_title\" data-id=\"1b54de1\" data-element_type=\"widget\" data-widget_type=\"trx_sc_title.default\">\n\t\t\t\t<div class=\"elementor-widget-container\">\n\t\t\t<div id=\"trx_sc_title_2111224441\"\n\t\tclass=\"sc_title sc_title_default\"><h1 class=\"sc_item_title sc_title_title sc_item_title_style_default sc_item_title_tag trx_addons_inline_56003486\"><span class=\"sc_item_title_text\">Bem vindos, <br>\u00e1 World Funding<\/span><\/h1><\/div><!-- \/.sc_title -->\t\t<\/div>\n\t\t\t\t<\/div>\n\t\t\t\t<div class=\"elementor-element elementor-element-281e533 sc_height_large sc_fly_static elementor-widget elementor-widget-spacer\" data-id=\"281e533\" data-element_type=\"widget\" data-widget_type=\"spacer.default\">\n\t\t\t\t<div class=\"elementor-widget-container\">\n\t\t\t\t\t<div class=\"elementor-spacer\">\n\t\t\t<div class=\"elementor-spacer-inner\"><\/div>\n\t\t<\/div>\n\t\t\t\t<\/div>\n\t\t\t\t<\/div>\n\t\t\t\t\t<\/div>\n\t\t<\/div>\n\t\t\t\t\t\t\t<\/div>\n\t\t<\/section>\n\t\t\t\t<section class=\"elementor-section elementor-top-section elementor-element elementor-element-42e4c63 elementor-section-stretched elementor-section-boxed elementor-section-height-default elementor-section-height-default elementor-invisible\" data-id=\"42e4c63\" data-element_type=\"section\" data-settings=\"{&quot;background_background&quot;:&quot;classic&quot;,&quot;stretch_section&quot;:&quot;section-stretched&quot;,&quot;animation&quot;:&quot;fadeIn&quot;}\">\n\t\t\t\t\t\t<div class=\"elementor-container elementor-column-gap-extended\">\n\t\t\t\t\t<div class=\"elementor-column elementor-col-16 elementor-top-column elementor-element elementor-element-2788005 sc_layouts_column_icons_position_left\" data-id=\"2788005\" data-element_type=\"column\">\n\t\t\t<div class=\"elementor-widget-wrap\">\n\t\t\t\t\t\t\t\t\t<\/div>\n\t\t<\/div>\n\t\t\t\t<div class=\"elementor-column elementor-col-66 elementor-top-column elementor-element elementor-element-33e5223 sc_layouts_column_icons_position_left\" data-id=\"33e5223\" data-element_type=\"column\">\n\t\t\t<div class=\"elementor-widget-wrap elementor-element-populated\">\n\t\t\t\t\t\t\t\t<div class=\"elementor-element elementor-element-4794956 sc_fly_static elementor-invisible elementor-widget elementor-widget-trx_sc_title\" data-id=\"4794956\" data-element_type=\"widget\" data-settings=\"{&quot;_animation&quot;:&quot;fadeInLeft&quot;,&quot;_animation_delay&quot;:333}\" data-widget_type=\"trx_sc_title.default\">\n\t\t\t\t<div class=\"elementor-widget-container\">\n\t\t\t<div id=\"trx_sc_title_1181493896\"\n\t\tclass=\"sc_title sc_title_accent\"><h1 class=\"sc_item_title sc_title_title sc_align_center sc_item_title_style_accent sc_item_title_tag\"><span class=\"sc_item_title_text\">Envie Seu Projeto<\/span><\/h1><\/div><!-- \/.sc_title -->\t\t<\/div>\n\t\t\t\t<\/div>\n\t\t\t\t<div class=\"elementor-element elementor-element-73e06fe sc_fly_static elementor-widget elementor-widget-trx_sc_title\" data-id=\"73e06fe\" data-element_type=\"widget\" data-widget_type=\"trx_sc_title.default\">\n\t\t\t\t<div class=\"elementor-widget-container\">\n\t\t\t<div id=\"trx_sc_title_961797063\"\n\t\tclass=\"sc_title sc_title_default\"><span class=\"sc_item_subtitle sc_title_subtitle sc_align_center sc_item_subtitle_above sc_item_title_style_default\">Vamos conseguir ajuda para voc\u00ea.<\/span><h6 class=\"sc_item_title sc_title_title sc_align_center sc_item_title_style_default sc_item_title_tag\"><span class=\"sc_item_title_text\">Nossa miss\u00e3o depende de pessoas como voc\u00ea tentando mudar o mundo mobilizando-se e agindo em projetos que ter\u00e3o um impacto positivo na vida das pessoas e no futuro da Terra.<\/span><\/h6><\/div><!-- \/.sc_title -->\t\t<\/div>\n\t\t\t\t<\/div>\n\t\t\t\t<div class=\"elementor-element elementor-element-024f803 sc_fly_static elementor-widget elementor-widget-spacer\" data-id=\"024f803\" data-element_type=\"widget\" data-widget_type=\"spacer.default\">\n\t\t\t\t<div class=\"elementor-widget-container\">\n\t\t\t\t\t<div class=\"elementor-spacer\">\n\t\t\t<div class=\"elementor-spacer-inner\"><\/div>\n\t\t<\/div>\n\t\t\t\t<\/div>\n\t\t\t\t<\/div>\n\t\t\t\t<div class=\"elementor-element elementor-element-ec32f6c sc_fly_static elementor-widget elementor-widget-shortcode\" data-id=\"ec32f6c\" data-element_type=\"widget\" data-widget_type=\"shortcode.default\">\n\t\t\t\t<div class=\"elementor-widget-container\">\n\t\t\t\t\t<div class=\"elementor-shortcode\">\n<div class=\"wpcf7 no-js\" id=\"wpcf7-f10532-o1\" lang=\"pt-BR\" dir=\"ltr\">\n<div class=\"screen-reader-response\"><p role=\"status\" aria-live=\"polite\" aria-atomic=\"true\"><\/p> <ul><\/ul><\/div>\n<form action=\"\/br\/wp-json\/wp\/v2\/pages\/10391#wpcf7-f10532-o1\" method=\"post\" class=\"wpcf7-form init\" aria-label=\"Contact form\" novalidate=\"novalidate\" data-status=\"init\">\n<div style=\"display: none;\">\n<input type=\"hidden\" name=\"_wpcf7\" value=\"10532\" \/>\n<input type=\"hidden\" name=\"_wpcf7_version\" value=\"5.8.4\" \/>\n<input type=\"hidden\" name=\"_wpcf7_locale\" value=\"\" \/>\n<input type=\"hidden\" name=\"_wpcf7_unit_tag\" value=\"wpcf7-f10532-o1\" \/>\n<input type=\"hidden\" name=\"_wpcf7_container_post\" value=\"0\" \/>\n<input type=\"hidden\" name=\"_wpcf7_posted_data_hash\" value=\"\" \/>\n<\/div>\n<div class=\"columns_wrap\">\n    <div class=\"column-1_1\">\n             <span class=\"wpcf7-form-control-wrap\" data-name=\"your-name\"><input size=\"40\" class=\"wpcf7-form-control wpcf7-text wpcf7-validates-as-required\" aria-required=\"true\" aria-invalid=\"false\" placeholder=\"Digite o seu nome completo\" value=\"\" type=\"text\" name=\"your-name\" \/><\/span>\n    <\/div>\n<\/div>\n<div class=\"columns_wrap\">\n    <div class=\"column-1_1\">\n            <span class=\"wpcf7-form-control-wrap\" data-name=\"your-email\"><input size=\"40\" class=\"wpcf7-form-control wpcf7-email wpcf7-validates-as-required wpcf7-text wpcf7-validates-as-email\" aria-required=\"true\" aria-invalid=\"false\" placeholder=\"Digite o seu melhor e-mail\" value=\"\" type=\"email\" name=\"your-email\" \/><\/span>\n    <\/div>\n<\/div>\n<div class=\"columns_wrap\">\n    <div class=\"column-1_1\">\n            <span class=\"wpcf7-form-control-wrap\" data-name=\"your-phone\"><input size=\"40\" class=\"wpcf7-form-control wpcf7-tel wpcf7-validates-as-required wpcf7-text wpcf7-validates-as-tel\" aria-required=\"true\" aria-invalid=\"false\" placeholder=\"Digite o seu melhor n\u00famero de telefone\" value=\"\" type=\"tel\" name=\"your-phone\" \/><\/span>\n    <\/div>\n<\/div>\n<div class=\"columns_wrap\">\n    <div class=\"column-1_1\">\n            <span class=\"wpcf7-form-control-wrap\" data-name=\"project\"><input size=\"40\" class=\"wpcf7-form-control wpcf7-text wpcf7-validates-as-required\" aria-required=\"true\" aria-invalid=\"false\" placeholder=\"Nome do projeto\" value=\"\" type=\"text\" name=\"project\" \/><\/span>\n    <\/div>\n<\/div>\n<div class=\"columns_wrap\">\n    <div class=\"column-1_1\">\n\n        <span class=\"wpcf7-form-control-wrap\" data-name=\"message\"><textarea cols=\"10\" rows=\"4\" class=\"wpcf7-form-control wpcf7-textarea wpcf7-validates-as-required\" id=\"contact-message\" aria-required=\"true\" aria-invalid=\"false\" placeholder=\"Digite os detalhes aqui\" name=\"message\"><\/textarea><\/span>\n\n\n    <\/div>\n<\/div>\n\n<input class=\"wpcf7-form-control wpcf7-submit has-spinner\" type=\"submit\" value=\"Submit Your Project\" \/><div class=\"wpcf7-response-output\" aria-hidden=\"true\"><\/div>\n<\/form>\n<\/div>\n\n<\/div>\n\t\t\t\t<\/div>\n\t\t\t\t<\/div>\n\t\t\t\t<div class=\"elementor-element elementor-element-a744b4a sc_fly_static elementor-widget elementor-widget-spacer\" data-id=\"a744b4a\" data-element_type=\"widget\" data-widget_type=\"spacer.default\">\n\t\t\t\t<div class=\"elementor-widget-container\">\n\t\t\t\t\t<div class=\"elementor-spacer\">\n\t\t\t<div class=\"elementor-spacer-inner\"><\/div>\n\t\t<\/div>\n\t\t\t\t<\/div>\n\t\t\t\t<\/div>\n\t\t\t\t\t<\/div>\n\t\t<\/div>\n\t\t\t\t<div class=\"elementor-column elementor-col-16 elementor-top-column elementor-element elementor-element-7a587de sc_layouts_column_icons_position_left\" data-id=\"7a587de\" data-element_type=\"column\">\n\t\t\t<div class=\"elementor-widget-wrap\">\n\t\t\t\t\t\t\t\t\t<\/div>\n\t\t<\/div>\n\t\t\t\t\t\t\t<\/div>\n\t\t<\/section>\n\t\t\t\t<section class=\"elementor-section elementor-top-section elementor-element elementor-element-09a3385 elementor-section-boxed elementor-section-height-default elementor-section-height-default\" data-id=\"09a3385\" data-element_type=\"section\">\n\t\t\t\t\t\t<div class=\"elementor-container elementor-column-gap-extended\">\n\t\t\t\t\t<div class=\"elementor-column elementor-col-100 elementor-top-column elementor-element elementor-element-2711a88 sc_layouts_column_icons_position_left\" data-id=\"2711a88\" data-element_type=\"column\">\n\t\t\t<div class=\"elementor-widget-wrap elementor-element-populated\">\n\t\t\t\t\t\t\t\t<div class=\"elementor-element elementor-element-394b936 sc_height_huge sc_fly_static elementor-widget elementor-widget-spacer\" data-id=\"394b936\" data-element_type=\"widget\" data-widget_type=\"spacer.default\">\n\t\t\t\t<div class=\"elementor-widget-container\">\n\t\t\t\t\t<div class=\"elementor-spacer\">\n\t\t\t<div class=\"elementor-spacer-inner\"><\/div>\n\t\t<\/div>\n\t\t\t\t<\/div>\n\t\t\t\t<\/div>\n\t\t\t\t\t<\/div>\n\t\t<\/div>\n\t\t\t\t\t\t\t<\/div>\n\t\t<\/section>\n\t\t\t\t<section class=\"elementor-section elementor-top-section elementor-element elementor-element-5bc00ce elementor-section-stretched elementor-section-boxed elementor-section-height-default elementor-section-height-default\" data-id=\"5bc00ce\" data-element_type=\"section\" data-settings=\"{&quot;stretch_section&quot;:&quot;section-stretched&quot;}\">\n\t\t\t\t\t\t<div class=\"elementor-container elementor-column-gap-extended\">\n\t\t\t\t\t<div class=\"elementor-column elementor-col-50 elementor-top-column elementor-element elementor-element-309510f sc_layouts_column_icons_position_left\" data-id=\"309510f\" data-element_type=\"column\">\n\t\t\t<div class=\"elementor-widget-wrap elementor-element-populated\">\n\t\t\t\t\t\t\t\t<div class=\"elementor-element elementor-element-5a31a26 sc_fly_static elementor-invisible elementor-widget elementor-widget-trx_sc_title\" data-id=\"5a31a26\" data-element_type=\"widget\" data-settings=\"{&quot;_animation&quot;:&quot;fadeInLeft&quot;,&quot;_animation_delay&quot;:333}\" data-widget_type=\"trx_sc_title.default\">\n\t\t\t\t<div class=\"elementor-widget-container\">\n\t\t\t<div id=\"trx_sc_title_1391133828\"\n\t\tclass=\"sc_title sc_title_accent\"><h1 class=\"sc_item_title sc_title_title sc_item_title_style_accent sc_item_title_tag\"><span class=\"sc_item_title_text\">Projetos Apoiados<\/span><\/h1><\/div><!-- \/.sc_title -->\t\t<\/div>\n\t\t\t\t<\/div>\n\t\t\t\t<div class=\"elementor-element elementor-element-d12f577 sc_fly_static elementor-widget elementor-widget-spacer\" data-id=\"d12f577\" data-element_type=\"widget\" data-widget_type=\"spacer.default\">\n\t\t\t\t<div class=\"elementor-widget-container\">\n\t\t\t\t\t<div class=\"elementor-spacer\">\n\t\t\t<div class=\"elementor-spacer-inner\"><\/div>\n\t\t<\/div>\n\t\t\t\t<\/div>\n\t\t\t\t<\/div>\n\t\t\t\t<div class=\"elementor-element elementor-element-c9fa2a8 sc_fly_static elementor-invisible elementor-widget elementor-widget-trx_sc_title\" data-id=\"c9fa2a8\" data-element_type=\"widget\" data-settings=\"{&quot;_animation&quot;:&quot;fadeInLeft&quot;,&quot;_animation_delay&quot;:300}\" data-widget_type=\"trx_sc_title.default\">\n\t\t\t\t<div class=\"elementor-widget-container\">\n\t\t\t<div id=\"trx_sc_title_162242456\"\n\t\tclass=\"sc_title sc_title_default\"><h6 class=\"sc_item_title sc_title_title sc_item_title_style_default sc_item_title_tag\"><span class=\"sc_item_title_text\">Aqui est\u00e3o os projetos que o World Funding est\u00e1 apoiando com a ajuda de indiv\u00edduos e empresas que desejam tornar o mundo melhor.<\/span><\/h6><\/div><!-- \/.sc_title -->\t\t<\/div>\n\t\t\t\t<\/div>\n\t\t\t\t<div class=\"elementor-element elementor-element-624c54f sc_fly_static elementor-widget elementor-widget-spacer\" data-id=\"624c54f\" data-element_type=\"widget\" data-widget_type=\"spacer.default\">\n\t\t\t\t<div class=\"elementor-widget-container\">\n\t\t\t\t\t<div class=\"elementor-spacer\">\n\t\t\t<div class=\"elementor-spacer-inner\"><\/div>\n\t\t<\/div>\n\t\t\t\t<\/div>\n\t\t\t\t<\/div>\n\t\t\t\t\t<\/div>\n\t\t<\/div>\n\t\t\t\t<div class=\"elementor-column elementor-col-50 elementor-top-column elementor-element elementor-element-e8faf28 sc_layouts_column_icons_position_left\" data-id=\"e8faf28\" data-element_type=\"column\">\n\t\t\t<div class=\"elementor-widget-wrap\">\n\t\t\t\t\t\t\t\t\t<\/div>\n\t\t<\/div>\n\t\t\t\t\t\t\t<\/div>\n\t\t<\/section>\n\t\t\t\t<section class=\"elementor-section elementor-top-section elementor-element elementor-element-d5c3ea7 elementor-section-stretched elementor-section-boxed elementor-section-height-default elementor-section-height-default\" data-id=\"d5c3ea7\" data-element_type=\"section\" data-settings=\"{&quot;stretch_section&quot;:&quot;section-stretched&quot;}\">\n\t\t\t\t\t\t<div class=\"elementor-container elementor-column-gap-extended\">\n\t\t\t\t\t<div class=\"elementor-column elementor-col-100 elementor-top-column elementor-element elementor-element-78eb9c8 sc_layouts_column_icons_position_left\" data-id=\"78eb9c8\" data-element_type=\"column\">\n\t\t\t<div class=\"elementor-widget-wrap elementor-element-populated\">\n\t\t\t\t\t\t\t\t<div class=\"elementor-element elementor-element-260e531 sc_fly_static elementor-invisible elementor-widget elementor-widget-trx_sc_services\" data-id=\"260e531\" data-element_type=\"widget\" data-settings=\"{&quot;_animation&quot;:&quot;slideInUp&quot;}\" data-widget_type=\"trx_sc_services.default\">\n\t\t\t\t<div class=\"elementor-widget-container\">\n\t\t\t<div id=\"trx_sc_services_223492959\" class=\"sc_services sc_services_picture sc_services_featured_top\"><div class=\"sc_services_columns_wrap sc_item_columns sc_item_posts_container sc_item_columns_3 trx_addons_columns_wrap columns_padding_bottom\"><div class=\"trx_addons_column-1_3\">    <div class=\"sc_services_item without_content no_links with_image sc_services_item_featured_top post-10509 cpt_services type-cpt_services status-publish has-post-thumbnail hentry cpt_services_group-projects\">\n                        <div class=\"service_img_wrap\">\n                <div class=\"post_featured with_thumb hover_ sc_services_item_thumb\"><img loading=\"lazy\" width=\"285\" height=\"285\" src=\"https:\/\/worldfunding.org\/application\/wp-content\/uploads\/2023\/07\/Verdescola-Institute-285x285.png\" class=\"attachment-ekoterra-thumb-services-square size-ekoterra-thumb-services-square wp-post-image\" alt=\"\" decoding=\"async\" srcset=\"https:\/\/worldfunding.org\/application\/wp-content\/uploads\/2023\/07\/Verdescola-Institute-285x285.png 285w, https:\/\/worldfunding.org\/application\/wp-content\/uploads\/2023\/07\/Verdescola-Institute-150x150.png 150w, https:\/\/worldfunding.org\/application\/wp-content\/uploads\/2023\/07\/Verdescola-Institute-90x90.png 90w, https:\/\/worldfunding.org\/application\/wp-content\/uploads\/2023\/07\/Verdescola-Institute-300x300.png 300w, https:\/\/worldfunding.org\/application\/wp-content\/uploads\/2023\/07\/Verdescola-Institute-370x370.png 370w\" sizes=\"(max-width: 285px) 100vw, 285px\" \/>\t\t\t<a href=\"https:\/\/worldfunding.org\/br\/projetos\/instituto-verdescola\/\"  aria-hidden=\"true\" class=\"icons\"><\/a>\n\t\t\t<\/div>                <\/div>\n                    <div class=\"sc_services_item_info\">\n                        <div class=\"sc_services_item_header\">\n                                <h6 class=\"sc_services_item_title\"><a href=\"https:\/\/worldfunding.org\/br\/projetos\/instituto-verdescola\/\">Instituto Verdescola<\/a><\/h6>\n                            <\/div><\/div>\n            <\/div>\n<\/div><div class=\"trx_addons_column-1_3\">    <div class=\"sc_services_item without_content no_links with_image sc_services_item_featured_top post-10512 cpt_services type-cpt_services status-publish has-post-thumbnail hentry cpt_services_group-projects\">\n                        <div class=\"service_img_wrap\">\n                <div class=\"post_featured with_thumb hover_ sc_services_item_thumb\"><img loading=\"lazy\" width=\"285\" height=\"285\" src=\"https:\/\/worldfunding.org\/application\/wp-content\/uploads\/2019\/01\/PHOTO-2023-02-13-09-57-20-3-285x285.jpg\" class=\"attachment-ekoterra-thumb-services-square size-ekoterra-thumb-services-square wp-post-image\" alt=\"\" decoding=\"async\" srcset=\"https:\/\/worldfunding.org\/application\/wp-content\/uploads\/2019\/01\/PHOTO-2023-02-13-09-57-20-3-285x285.jpg 285w, https:\/\/worldfunding.org\/application\/wp-content\/uploads\/2019\/01\/PHOTO-2023-02-13-09-57-20-3-150x150.jpg 150w, https:\/\/worldfunding.org\/application\/wp-content\/uploads\/2019\/01\/PHOTO-2023-02-13-09-57-20-3-90x90.jpg 90w, https:\/\/worldfunding.org\/application\/wp-content\/uploads\/2019\/01\/PHOTO-2023-02-13-09-57-20-3-300x300.jpg 300w, https:\/\/worldfunding.org\/application\/wp-content\/uploads\/2019\/01\/PHOTO-2023-02-13-09-57-20-3-370x370.jpg 370w\" sizes=\"(max-width: 285px) 100vw, 285px\" \/>\t\t\t<a href=\"https:\/\/worldfunding.org\/br\/projetos\/rede-jalapao\/\"  aria-hidden=\"true\" class=\"icons\"><\/a>\n\t\t\t<\/div>                <\/div>\n                    <div class=\"sc_services_item_info\">\n                        <div class=\"sc_services_item_header\">\n                                <h6 class=\"sc_services_item_title\"><a href=\"https:\/\/worldfunding.org\/br\/projetos\/rede-jalapao\/\">Rede Jalap\u00e3o<\/a><\/h6>\n                            <\/div><\/div>\n            <\/div>\n<\/div><div class=\"trx_addons_column-1_3\">    <div class=\"sc_services_item without_content no_links with_image sc_services_item_featured_top post-10514 cpt_services type-cpt_services status-publish has-post-thumbnail hentry cpt_services_group-projects\">\n                        <div class=\"service_img_wrap\">\n                <div class=\"post_featured with_thumb hover_ sc_services_item_thumb\"><img loading=\"lazy\" width=\"285\" height=\"285\" src=\"https:\/\/worldfunding.org\/application\/wp-content\/uploads\/2019\/01\/world-funding-11.31.01-AM-285x285.png\" class=\"attachment-ekoterra-thumb-services-square size-ekoterra-thumb-services-square wp-post-image\" alt=\"\" decoding=\"async\" srcset=\"https:\/\/worldfunding.org\/application\/wp-content\/uploads\/2019\/01\/world-funding-11.31.01-AM-285x285.png 285w, https:\/\/worldfunding.org\/application\/wp-content\/uploads\/2019\/01\/world-funding-11.31.01-AM-150x150.png 150w, https:\/\/worldfunding.org\/application\/wp-content\/uploads\/2019\/01\/world-funding-11.31.01-AM-90x90.png 90w, https:\/\/worldfunding.org\/application\/wp-content\/uploads\/2019\/01\/world-funding-11.31.01-AM-300x300.png 300w, https:\/\/worldfunding.org\/application\/wp-content\/uploads\/2019\/01\/world-funding-11.31.01-AM-370x370.png 370w\" sizes=\"(max-width: 285px) 100vw, 285px\" \/>\t\t\t<a href=\"https:\/\/worldfunding.org\/br\/projetos\/raizes-amazonicas\/\"  aria-hidden=\"true\" class=\"icons\"><\/a>\n\t\t\t<\/div>                <\/div>\n                    <div class=\"sc_services_item_info\">\n                        <div class=\"sc_services_item_header\">\n                                <h6 class=\"sc_services_item_title\"><a href=\"https:\/\/worldfunding.org\/br\/projetos\/raizes-amazonicas\/\">Amazon Roots<\/a><\/h6>\n                            <\/div><\/div>\n            <\/div>\n<\/div><\/div><\/div><!-- \/.sc_services -->\t\t<\/div>\n\t\t\t\t<\/div>\n\t\t\t\t<div class=\"elementor-element elementor-element-d0d0e11 sc_fly_static elementor-widget elementor-widget-spacer\" data-id=\"d0d0e11\" data-element_type=\"widget\" data-widget_type=\"spacer.default\">\n\t\t\t\t<div class=\"elementor-widget-container\">\n\t\t\t\t\t<div class=\"elementor-spacer\">\n\t\t\t<div class=\"elementor-spacer-inner\"><\/div>\n\t\t<\/div>\n\t\t\t\t<\/div>\n\t\t\t\t<\/div>\n\t\t\t\t\t<\/div>\n\t\t<\/div>\n\t\t\t\t\t\t\t<\/div>\n\t\t<\/section>\n\t\t\t\t<section class=\"elementor-section elementor-top-section elementor-element elementor-element-e7dbd30 elementor-section-boxed elementor-section-height-default elementor-section-height-default elementor-invisible\" data-id=\"e7dbd30\" data-element_type=\"section\" data-settings=\"{&quot;animation&quot;:&quot;fadeInUp&quot;}\">\n\t\t\t\t\t\t<div class=\"elementor-container elementor-column-gap-extended\">\n\t\t\t\t\t<div class=\"elementor-column elementor-col-100 elementor-top-column elementor-element elementor-element-9d57fd9 sc_layouts_column_icons_position_left\" data-id=\"9d57fd9\" data-element_type=\"column\">\n\t\t\t<div class=\"elementor-widget-wrap elementor-element-populated\">\n\t\t\t\t\t\t\t\t<div class=\"elementor-element elementor-element-e195d53 sc_fly_static elementor-widget elementor-widget-trx_sc_promo\" data-id=\"e195d53\" data-element_type=\"widget\" data-widget_type=\"trx_sc_promo.default\">\n\t\t\t\t<div class=\"elementor-widget-container\">\n\t\t\t<div  id=\"trx_sc_promo_1644111248\"        class=\"sc_promo sc_promo_stereo sc_promo_size_normal sc_promo_image_position_left\"><div class=\"sc_promo_image\" style=\"background-image:url(\/\/worldfunding.org\/application\/wp-content\/uploads\/2023\/07\/jaguar-2021-08-26-18-15-10-utc-scaled.jpg);width:95%;left: 0;height:525px;\"><\/div><!-- \/.sc_promo_image --><div class=\"sc_promo_text\" style=\"float: right;\">\n        <div class=\"sc_promo_text_inner trx_addons_inline_492394155\"><div class=\"promo_content_wrap\"><div class=\"sc_promo_icon\" data-icon=\"icon-041-plant\" ><span class=\"icon-041-plant\"><\/span><\/div><h3 class=\"sc_item_title sc_promo_title sc_item_title_style_default sc_item_title_tag trx_addons_inline_797905483\"><span class=\"sc_item_title_text\">Conecte-se<\/span><\/h3><a href=\"https:\/\/worldfunding.org\/br\/torne-se-um-patrocinador\/\" id=\"sc_button_430307282\" class=\"sc_button sc_button_default sc_item_button sc_item_button_default sc_promo_button sc_button_size_normal sc_button_icon_left\"><span class=\"sc_button_text\"><span class=\"sc_button_title\">Torne-se um Patrocinador<\/span><\/span><!-- \/.sc_button_text --><\/a><!-- \/.sc_button --><\/div>\n        <\/div><\/div><!-- \/.sc_promo_text --><\/div><!-- \/.sc_promo -->\t\t<\/div>\n\t\t\t\t<\/div>\n\t\t\t\t\t<\/div>\n\t\t<\/div>\n\t\t\t\t\t\t\t<\/div>\n\t\t<\/section>\n\t\t\t\t<section class=\"elementor-section elementor-top-section elementor-element elementor-element-ad418ac elementor-section-boxed elementor-section-height-default elementor-section-height-default\" data-id=\"ad418ac\" data-element_type=\"section\">\n\t\t\t\t\t\t<div class=\"elementor-container elementor-column-gap-extended\">\n\t\t\t\t\t<div class=\"elementor-column elementor-col-100 elementor-top-column elementor-element elementor-element-a039526 sc_layouts_column_icons_position_left\" data-id=\"a039526\" data-element_type=\"column\">\n\t\t\t<div class=\"elementor-widget-wrap elementor-element-populated\">\n\t\t\t\t\t\t\t\t<div class=\"elementor-element elementor-element-ad8d0a2 sc_layouts_hide_on_tablet sc_layouts_hide_on_mobile sc_fly_static elementor-widget elementor-widget-spacer\" data-id=\"ad8d0a2\" data-element_type=\"widget\" data-widget_type=\"spacer.default\">\n\t\t\t\t<div class=\"elementor-widget-container\">\n\t\t\t\t\t<div class=\"elementor-spacer\">\n\t\t\t<div class=\"elementor-spacer-inner\"><\/div>\n\t\t<\/div>\n\t\t\t\t<\/div>\n\t\t\t\t<\/div>\n\t\t\t\t<div class=\"elementor-element elementor-element-c133979 sc_height_huge sc_fly_static elementor-widget elementor-widget-spacer\" data-id=\"c133979\" data-element_type=\"widget\" data-widget_type=\"spacer.default\">\n\t\t\t\t<div class=\"elementor-widget-container\">\n\t\t\t\t\t<div class=\"elementor-spacer\">\n\t\t\t<div class=\"elementor-spacer-inner\"><\/div>\n\t\t<\/div>\n\t\t\t\t<\/div>\n\t\t\t\t<\/div>\n\t\t\t\t\t<\/div>\n\t\t<\/div>\n\t\t\t\t\t\t\t<\/div>\n\t\t<\/section>\n\t\t\t\t\t\t\t<\/div>\n\t\t","protected":false},"excerpt":{"rendered":"<p>Bem vindos, \u00e1 World Funding Envie Seu Projeto Vamos conseguir ajuda para voc\u00ea. Nossa miss\u00e3o depende de pessoas como voc\u00ea tentando mudar o mundo mobilizando-se e agindo em projetos que ter\u00e3o um impacto&hellip;<\/p>\n","protected":false},"author":1,"featured_media":0,"parent":0,"menu_order":0,"comment_status":"closed","ping_status":"closed","template":"","meta":{"footnotes":""},"_links":{"self":[{"href":"https:\/\/worldfunding.org\/br\/wp-json\/wp\/v2\/pages\/10391"}],"collection":[{"href":"https:\/\/worldfunding.org\/br\/wp-json\/wp\/v2\/pages"}],"about":[{"href":"https:\/\/worldfunding.org\/br\/wp-json\/wp\/v2\/types\/page"}],"author":[{"embeddable":true,"href":"https:\/\/worldfunding.org\/br\/wp-json\/wp\/v2\/users\/1"}],"replies":[{"embeddable":true,"href":"https:\/\/worldfunding.org\/br\/wp-json\/wp\/v2\/comments?post=10391"}],"version-history":[{"count":1,"href":"https:\/\/worldfunding.org\/br\/wp-json\/wp\/v2\/pages\/10391\/revisions"}],"predecessor-version":[{"id":10392,"href":"https:\/\/worldfunding.org\/br\/wp-json\/wp\/v2\/pages\/10391\/revisions\/10392"}],"wp:attachment":[{"href":"https:\/\/worldfunding.org\/br\/wp-json\/wp\/v2\/media?parent=10391"}],"curies":[{"name":"wp","href":"https:\/\/api.w.org\/{rel}","templated":true}]}}