{"id":10464,"date":"2018-07-21T13:36:42","date_gmt":"2018-07-21T17:36:42","guid":{"rendered":"https:\/\/worldfunding.org\/lideranca\/"},"modified":"2023-10-18T16:18:46","modified_gmt":"2023-10-18T20:18:46","slug":"lideranca","status":"publish","type":"page","link":"https:\/\/worldfunding.org\/br\/lideranca\/","title":{"rendered":"Lideran\u00e7a"},"content":{"rendered":"\t\t<div data-elementor-type=\"wp-post\" data-elementor-id=\"10464\" class=\"elementor elementor-10464 elementor-564\" data-elementor-post-type=\"page\">\n\t\t\t\t\t\t\t\t\t<section class=\"elementor-section elementor-top-section elementor-element elementor-element-0374e78 elementor-section-content-top elementor-section-boxed elementor-section-height-default elementor-section-height-default\" data-id=\"0374e78\" data-element_type=\"section\" data-settings=\"{&quot;background_background&quot;:&quot;classic&quot;}\">\n\t\t\t\t\t\t<div class=\"elementor-container elementor-column-gap-extended\">\n\t\t\t\t\t<div class=\"elementor-column elementor-col-50 elementor-top-column elementor-element elementor-element-d434dc0 sc_layouts_column_icons_position_left elementor-invisible\" data-id=\"d434dc0\" data-element_type=\"column\" data-settings=\"{&quot;animation&quot;:&quot;fadeInLeft&quot;}\">\n\t\t\t<div class=\"elementor-widget-wrap elementor-element-populated\">\n\t\t\t\t\t\t\t\t<div class=\"elementor-element elementor-element-073b23a scheme_default sc_fly_static elementor-widget elementor-widget-trx_sc_promo\" data-id=\"073b23a\" data-element_type=\"widget\" data-widget_type=\"trx_sc_promo.default\">\n\t\t\t\t<div class=\"elementor-widget-container\">\n\t\t\t<div  id=\"trx_sc_promo_514719221\" \n\tclass=\"sc_promo scheme_default sc_promo_preview sc_promo_size_small sc_promo_image_position_left\"><div class=\"sc_promo_image\" style=\"background-image:url(\/\/worldfunding.org\/application\/wp-content\/uploads\/2023\/07\/thomas-hessel1-min.png);width:91%;left: 0;height:455px;\"><\/div><!-- \/.sc_promo_image --><div class=\"sc_promo_text sc_float_right\" style=\"float: right; \">\n\t\t\t<div class=\"sc_promo_text_inner trx_addons_inline_1304932079\">\n                                <div class=\"promo_content_wrap\">\n                                        <div class=\"promo_content\">\n                        <div class=\"title_wrap\">\n                            <h6 class=\"sc_item_title sc_promo_title sc_align_left sc_item_title_style_default sc_item_title_tag trx_addons_inline_214661118\"><span class=\"sc_item_title_text\">Thomas Hessel<\/span><\/h6><span class=\"sc_item_subtitle sc_promo_subtitle sc_align_left sc_item_subtitle_below sc_item_title_style_default\">Presidente & CEO<\/span>                        <\/div>\n                    <\/div>\n                <\/div>\n                                <div class=\"sc_item_button sc_button_wrap sc_align_left\"><a href=\"https:\/\/worldfunding.org\/application\/wp-content\/uploads\/videos\/INSTITUTIONAL-WORLD-FUNDING-HORIZON.mp4\" id=\"sc_button_161737786\" class=\"sc_button sc_button_video sc_item_button sc_item_button_video sc_promo_button sc_button_size_normal sc_button_icon_left\" target=\"_blank\"><span class=\"sc_button_text\"><span class=\"sc_button_title\">Acompanhe a Nossa Mensagem<\/span><\/span><!-- \/.sc_button_text --><\/a><!-- \/.sc_button --><\/div><!-- \/.sc_item_button -->\t\t\t\t<\/div>\n\t\t<\/div><!-- \/.sc_promo_text --><\/div><!-- \/.sc_promo -->\t\t<\/div>\n\t\t\t\t<\/div>\n\t\t\t\t\t<\/div>\n\t\t<\/div>\n\t\t\t\t<div class=\"elementor-column elementor-col-50 elementor-top-column elementor-element elementor-element-35dd41c sc_layouts_column_icons_position_left elementor-invisible\" data-id=\"35dd41c\" data-element_type=\"column\" data-settings=\"{&quot;animation&quot;:&quot;fadeInRight&quot;}\">\n\t\t\t<div class=\"elementor-widget-wrap elementor-element-populated\">\n\t\t\t\t\t\t\t\t<div class=\"elementor-element elementor-element-ee1f33b sc_fly_static elementor-widget elementor-widget-spacer\" data-id=\"ee1f33b\" data-element_type=\"widget\" data-widget_type=\"spacer.default\">\n\t\t\t\t<div class=\"elementor-widget-container\">\n\t\t\t\t\t<div class=\"elementor-spacer\">\n\t\t\t<div class=\"elementor-spacer-inner\"><\/div>\n\t\t<\/div>\n\t\t\t\t<\/div>\n\t\t\t\t<\/div>\n\t\t\t\t<div class=\"elementor-element elementor-element-4c828d2 sc_fly_static elementor-widget elementor-widget-trx_sc_title\" data-id=\"4c828d2\" data-element_type=\"widget\" data-widget_type=\"trx_sc_title.default\">\n\t\t\t\t<div class=\"elementor-widget-container\">\n\t\t\t<div id=\"trx_sc_title_1884584627\"\n\t\tclass=\"sc_title sc_title_default\"><span class=\"sc_item_subtitle sc_title_subtitle sc_item_subtitle_above sc_item_title_style_default\">O mundo precisa da nossa ajuda.<\/span><h2 class=\"sc_item_title sc_title_title sc_item_title_style_default\"><span class=\"sc_item_title_text\">Agora \u00e9 o momento de agir.<\/span><\/h2><div class=\"sc_item_descr sc_title_descr\"><blockquote><p>Na World Funding, acreditamos que capacitar indiv\u00edduos \u00e9 a chave para desbloquear um mundo melhor. Juntos, podemos criar um futuro sustent\u00e1vel para todos..<\/p><\/blockquote>\n<\/div><\/div><!-- \/.sc_title -->\t\t<\/div>\n\t\t\t\t<\/div>\n\t\t\t\t\t<\/div>\n\t\t<\/div>\n\t\t\t\t\t\t\t<\/div>\n\t\t<\/section>\n\t\t\t\t<section class=\"elementor-section elementor-top-section elementor-element elementor-element-3504362 elementor-section-boxed elementor-section-height-default elementor-section-height-default\" data-id=\"3504362\" data-element_type=\"section\">\n\t\t\t\t\t\t<div class=\"elementor-container elementor-column-gap-extended\">\n\t\t\t\t\t<div class=\"elementor-column elementor-col-100 elementor-top-column elementor-element elementor-element-43dc469 sc_layouts_column_icons_position_left\" data-id=\"43dc469\" data-element_type=\"column\">\n\t\t\t<div class=\"elementor-widget-wrap elementor-element-populated\">\n\t\t\t\t\t\t\t\t<div class=\"elementor-element elementor-element-81e102a sc_fly_static elementor-widget elementor-widget-spacer\" data-id=\"81e102a\" data-element_type=\"widget\" data-widget_type=\"spacer.default\">\n\t\t\t\t<div class=\"elementor-widget-container\">\n\t\t\t\t\t<div class=\"elementor-spacer\">\n\t\t\t<div class=\"elementor-spacer-inner\"><\/div>\n\t\t<\/div>\n\t\t\t\t<\/div>\n\t\t\t\t<\/div>\n\t\t\t\t\t<\/div>\n\t\t<\/div>\n\t\t\t\t\t\t\t<\/div>\n\t\t<\/section>\n\t\t\t\t<section class=\"elementor-section elementor-top-section elementor-element elementor-element-bd31dcd elementor-section-stretched elementor-section-boxed elementor-section-height-default elementor-section-height-default\" data-id=\"bd31dcd\" data-element_type=\"section\" data-settings=\"{&quot;background_background&quot;:&quot;classic&quot;,&quot;stretch_section&quot;:&quot;section-stretched&quot;}\">\n\t\t\t\t\t\t<div class=\"elementor-container elementor-column-gap-extended\">\n\t\t\t\t\t<div class=\"elementor-column elementor-col-100 elementor-top-column elementor-element elementor-element-b6fc45a sc_layouts_column_icons_position_left\" data-id=\"b6fc45a\" data-element_type=\"column\">\n\t\t\t<div class=\"elementor-widget-wrap elementor-element-populated\">\n\t\t\t\t\t\t\t\t<div class=\"elementor-element elementor-element-1e837de sc_fly_static elementor-widget elementor-widget-spacer\" data-id=\"1e837de\" data-element_type=\"widget\" data-widget_type=\"spacer.default\">\n\t\t\t\t<div class=\"elementor-widget-container\">\n\t\t\t\t\t<div class=\"elementor-spacer\">\n\t\t\t<div class=\"elementor-spacer-inner\"><\/div>\n\t\t<\/div>\n\t\t\t\t<\/div>\n\t\t\t\t<\/div>\n\t\t\t\t<div class=\"elementor-element elementor-element-13cb1be sc_fly_static elementor-invisible elementor-widget elementor-widget-trx_sc_title\" data-id=\"13cb1be\" data-element_type=\"widget\" data-settings=\"{&quot;_animation&quot;:&quot;fadeInLeft&quot;}\" data-widget_type=\"trx_sc_title.default\">\n\t\t\t\t<div class=\"elementor-widget-container\">\n\t\t\t<div id=\"trx_sc_title_1925390064\"\n\t\tclass=\"sc_title sc_title_accent\"><h2 class=\"sc_item_title sc_title_title sc_item_title_style_accent sc_item_title_tag\"><span class=\"sc_item_title_text\">Sobre o Patrocinador<\/span><\/h2><\/div><!-- \/.sc_title -->\t\t<\/div>\n\t\t\t\t<\/div>\n\t\t\t\t<div class=\"elementor-element elementor-element-38ea6e5 sc_fly_static elementor-widget elementor-widget-spacer\" data-id=\"38ea6e5\" data-element_type=\"widget\" data-widget_type=\"spacer.default\">\n\t\t\t\t<div class=\"elementor-widget-container\">\n\t\t\t\t\t<div class=\"elementor-spacer\">\n\t\t\t<div class=\"elementor-spacer-inner\"><\/div>\n\t\t<\/div>\n\t\t\t\t<\/div>\n\t\t\t\t<\/div>\n\t\t\t\t<section class=\"elementor-section elementor-inner-section elementor-element elementor-element-d8a9aca elementor-section-boxed elementor-section-height-default elementor-section-height-default\" data-id=\"d8a9aca\" data-element_type=\"section\">\n\t\t\t\t\t\t<div class=\"elementor-container elementor-column-gap-no\">\n\t\t\t\t\t<div class=\"elementor-column elementor-col-50 elementor-inner-column elementor-element elementor-element-f2ae913 sc_layouts_column_icons_position_left elementor-invisible\" data-id=\"f2ae913\" data-element_type=\"column\" data-settings=\"{&quot;animation&quot;:&quot;fadeInLeft&quot;}\">\n\t\t\t<div class=\"elementor-widget-wrap elementor-element-populated\">\n\t\t\t\t\t\t\t\t<div class=\"elementor-element elementor-element-2ec1eb3 scheme_dark sc_fly_static elementor-widget elementor-widget-trx_sc_icons\" data-id=\"2ec1eb3\" data-element_type=\"widget\" data-widget_type=\"trx_sc_icons.default\">\n\t\t\t\t<div class=\"elementor-widget-container\">\n\t\t\t<div id=\"trx_sc_icons_567161034\" \n\tclass=\"sc_icons sc_icons_modern sc_icons_size_small sc_align_left\"><div class=\"sc_icons_item sc_icons_item_linked\"  style=\"background: #A19023\"><div class=\"sc_icons_image\"><img decoding=\"async\" loading=\"lazy\" src=\"\/\/worldfunding.org\/application\/wp-content\/uploads\/2023\/08\/Thomas-Hessel-Profile-Photo-min-scaled.jpg\" alt=\"Icon\" width=\"2560\" height=\"2560\"><\/div><div class=\"sc_icons_item_details\"><div class=\"sc_icons_item_description\"><span><br><\/span><span>Thomas Hessel \u00e9 um jovem de 17 anos altamente motivado que, apesar de sua idade jovem, possui grandes ambi\u00e7\u00f5es empreendedoras. Desde os 13 anos, ele tem aproveitado sua experi\u00eancia profissional desempenhando fun\u00e7\u00f5es de gerenciamento de vendas e marketing na ind\u00fastria da avia\u00e7\u00e3o executiva e atualmente busca um diploma em Estudos Internacionais na Universidade de Miami.<\/span><\/div><a href=\"#\"\n\t\t\t\t\t\tclass=\"sc_icons_item_link\"><\/a><\/div><\/div><\/div><!-- \/.sc_icons -->\t\t<\/div>\n\t\t\t\t<\/div>\n\t\t\t\t\t<\/div>\n\t\t<\/div>\n\t\t\t\t<div class=\"elementor-column elementor-col-50 elementor-inner-column elementor-element elementor-element-4f3bda4 sc_layouts_column_icons_position_left elementor-invisible\" data-id=\"4f3bda4\" data-element_type=\"column\" data-settings=\"{&quot;animation&quot;:&quot;fadeInRight&quot;,&quot;animation_delay&quot;:300}\">\n\t\t\t<div class=\"elementor-widget-wrap elementor-element-populated\">\n\t\t\t\t\t\t\t\t<div class=\"elementor-element elementor-element-42ed0cd sc_fly_static elementor-widget elementor-widget-spacer\" data-id=\"42ed0cd\" data-element_type=\"widget\" data-widget_type=\"spacer.default\">\n\t\t\t\t<div class=\"elementor-widget-container\">\n\t\t\t\t\t<div class=\"elementor-spacer\">\n\t\t\t<div class=\"elementor-spacer-inner\"><\/div>\n\t\t<\/div>\n\t\t\t\t<\/div>\n\t\t\t\t<\/div>\n\t\t\t\t<div class=\"elementor-element elementor-element-19677af scheme_dark sc_fly_static elementor-widget elementor-widget-trx_sc_icons\" data-id=\"19677af\" data-element_type=\"widget\" data-widget_type=\"trx_sc_icons.default\">\n\t\t\t\t<div class=\"elementor-widget-container\">\n\t\t\t<div id=\"trx_sc_icons_487492332\" \n\tclass=\"sc_icons sc_icons_modern sc_icons_size_small sc_align_left\"><div class=\"sc_icons_item\"  style=\"background: #00BFB2\"><div class=\"sc_icons_item_details\"><div class=\"sc_icons_item_description\"><span>Diante de realidades sombrias, Hessel testemunhou em primeira m\u00e3o o impacto devastador das ind\u00fastrias altamente poluentes no planeta. Impulsionado por um senso de urg\u00eancia, ele aproveitou sua paix\u00e3o, conex\u00f5es e determina\u00e7\u00e3o para criar a World Funding, uma organiza\u00e7\u00e3o dedicada a apoiar projetos transformadores que mitigam as consequ\u00eancias abrangentes das mudan\u00e7as clim\u00e1ticas e da desigualdade social. Ao capacitar indiv\u00edduos para se tornarem agentes de mudan\u00e7a, Hessel tem como objetivo fazer da World Funding um instrumento de defesa de abordagens sustent\u00e1veis para o transporte e desenvolvimento social.<\/span><\/div><\/div><\/div><\/div><!-- \/.sc_icons -->\t\t<\/div>\n\t\t\t\t<\/div>\n\t\t\t\t\t<\/div>\n\t\t<\/div>\n\t\t\t\t\t\t\t<\/div>\n\t\t<\/section>\n\t\t\t\t<section class=\"elementor-section elementor-inner-section elementor-element elementor-element-be2973d elementor-section-boxed elementor-section-height-default elementor-section-height-default\" data-id=\"be2973d\" data-element_type=\"section\">\n\t\t\t\t\t\t<div class=\"elementor-container elementor-column-gap-no\">\n\t\t\t\t\t<div class=\"elementor-column elementor-col-100 elementor-inner-column elementor-element elementor-element-75a4dda sc_layouts_column_icons_position_left elementor-invisible\" data-id=\"75a4dda\" data-element_type=\"column\" data-settings=\"{&quot;animation&quot;:&quot;fadeInLeft&quot;,&quot;animation_delay&quot;:600}\">\n\t\t\t<div class=\"elementor-widget-wrap elementor-element-populated\">\n\t\t\t\t\t\t\t\t<div class=\"elementor-element elementor-element-b16a44f sc_fly_static elementor-widget elementor-widget-spacer\" data-id=\"b16a44f\" data-element_type=\"widget\" data-widget_type=\"spacer.default\">\n\t\t\t\t<div class=\"elementor-widget-container\">\n\t\t\t\t\t<div class=\"elementor-spacer\">\n\t\t\t<div class=\"elementor-spacer-inner\"><\/div>\n\t\t<\/div>\n\t\t\t\t<\/div>\n\t\t\t\t<\/div>\n\t\t\t\t\t<\/div>\n\t\t<\/div>\n\t\t\t\t\t\t\t<\/div>\n\t\t<\/section>\n\t\t\t\t<div class=\"elementor-element elementor-element-9d09c73 scheme_dark sc_fly_static elementor-widget elementor-widget-trx_sc_promo\" data-id=\"9d09c73\" data-element_type=\"widget\" data-widget_type=\"trx_sc_promo.default\">\n\t\t\t\t<div class=\"elementor-widget-container\">\n\t\t\t<div  id=\"trx_sc_promo_1766423376\"        class=\"sc_promo scheme_dark sc_promo_stereo sc_promo_size_small sc_promo_image_position_left\"><div class=\"sc_promo_image\" style=\"background-image:url(\/\/worldfunding.org\/application\/wp-content\/uploads\/2023\/07\/aerial-view-of-the-river-surrounded-by-dense-green-2023-01-10-02-22-56-utc-scaled.jpg);width:95%;left: 0;height:564px;\"><\/div><!-- \/.sc_promo_image --><div class=\"sc_promo_text\" style=\"float: right;\">\n        <div class=\"sc_promo_text_inner trx_addons_inline_1925705558\"><div class=\"promo_content_wrap\"><h5 class=\"sc_item_title sc_promo_title sc_item_title_style_default sc_item_title_tag trx_addons_inline_1417989298\"><span class=\"sc_item_title_text\">World Funding<\/span><\/h5><div class=\"sc_item_descr sc_promo_descr\"><p>Ao fundar a World Funding, uma plataforma que tinha como objetivo profissionalizar a representa\u00e7\u00e3o de institutos ambientais brasileiros e promover o desenvolvimento de fundos para projetos sociais e humanit\u00e1rios, Hessel almeja se tornar um farol de inspira\u00e7\u00e3o para jovens que buscam causar um impacto positivo no mundo.<\/p>\n<\/div><a href=\"https:\/\/worldfunding.org\/br\/quem-somos\/\" id=\"sc_button_420888724\" class=\"sc_button sc_button_default sc_item_button sc_item_button_default sc_promo_button sc_button_size_normal sc_button_icon_left\"><span class=\"sc_button_text\"><span class=\"sc_button_title\">Descubra Mais<\/span><\/span><!-- \/.sc_button_text --><\/a><!-- \/.sc_button --><\/div>\n        <\/div><\/div><!-- \/.sc_promo_text --><\/div><!-- \/.sc_promo -->\t\t<\/div>\n\t\t\t\t<\/div>\n\t\t\t\t<div class=\"elementor-element elementor-element-5677a75 sc_fly_static elementor-widget elementor-widget-spacer\" data-id=\"5677a75\" data-element_type=\"widget\" data-widget_type=\"spacer.default\">\n\t\t\t\t<div class=\"elementor-widget-container\">\n\t\t\t\t\t<div class=\"elementor-spacer\">\n\t\t\t<div class=\"elementor-spacer-inner\"><\/div>\n\t\t<\/div>\n\t\t\t\t<\/div>\n\t\t\t\t<\/div>\n\t\t\t\t\t<\/div>\n\t\t<\/div>\n\t\t\t\t\t\t\t<\/div>\n\t\t<\/section>\n\t\t\t\t<section class=\"elementor-section elementor-top-section elementor-element elementor-element-341c69b scheme_dark elementor-section-stretched border-img elementor-section-boxed elementor-section-height-default elementor-section-height-default\" data-id=\"341c69b\" data-element_type=\"section\" data-settings=\"{&quot;background_background&quot;:&quot;slideshow&quot;,&quot;stretch_section&quot;:&quot;section-stretched&quot;,&quot;background_slideshow_gallery&quot;:[{&quot;id&quot;:8640,&quot;url&quot;:&quot;https:\\\/\\\/worldfunding.org\\\/application\\\/wp-content\\\/uploads\\\/2023\\\/07\\\/4k-aerial-view-of-amazon-tropical-rainforest-dron-2022-04-25-12-50-42-utc-1-scaled.jpg&quot;}],&quot;background_slideshow_loop&quot;:&quot;yes&quot;,&quot;background_slideshow_slide_duration&quot;:5000,&quot;background_slideshow_slide_transition&quot;:&quot;fade&quot;,&quot;background_slideshow_transition_duration&quot;:500}\">\n\t\t\t\t\t\t<div class=\"elementor-container elementor-column-gap-extended\">\n\t\t\t\t\t<div class=\"elementor-column elementor-col-50 elementor-top-column elementor-element elementor-element-9f19fd4 scheme_dark sc_layouts_column_icons_position_left\" data-id=\"9f19fd4\" data-element_type=\"column\">\n\t\t\t<div class=\"elementor-widget-wrap elementor-element-populated\">\n\t\t\t\t\t\t\t\t<div class=\"elementor-element elementor-element-8669b06 sc_fly_static elementor-widget elementor-widget-spacer\" data-id=\"8669b06\" data-element_type=\"widget\" data-widget_type=\"spacer.default\">\n\t\t\t\t<div class=\"elementor-widget-container\">\n\t\t\t\t\t<div class=\"elementor-spacer\">\n\t\t\t<div class=\"elementor-spacer-inner\"><\/div>\n\t\t<\/div>\n\t\t\t\t<\/div>\n\t\t\t\t<\/div>\n\t\t\t\t<div class=\"elementor-element elementor-element-86a8e55 sc_fly_static elementor-invisible elementor-widget elementor-widget-trx_sc_title\" data-id=\"86a8e55\" data-element_type=\"widget\" data-settings=\"{&quot;_animation&quot;:&quot;fadeInUp&quot;}\" data-widget_type=\"trx_sc_title.default\">\n\t\t\t\t<div class=\"elementor-widget-container\">\n\t\t\t<div id=\"trx_sc_title_479229145\"\n\t\tclass=\"sc_title sc_title_accent\"><span class=\"sc_item_subtitle sc_title_subtitle sc_item_subtitle_above sc_item_title_style_accent\">mantenha-se conectado<\/span><h4 class=\"sc_item_title sc_title_title sc_item_title_style_accent sc_item_title_tag\"><span class=\"sc_item_title_text\">Siga e entre em contato atrav\u00e9s de nossas redes sociais.<\/span><\/h4><\/div><!-- \/.sc_title -->\t\t<\/div>\n\t\t\t\t<\/div>\n\t\t\t\t\t<\/div>\n\t\t<\/div>\n\t\t\t\t<div class=\"elementor-column elementor-col-50 elementor-top-column elementor-element elementor-element-d3c7264 scheme_dark sc_layouts_column_icons_position_left elementor-invisible\" data-id=\"d3c7264\" data-element_type=\"column\" data-settings=\"{&quot;animation&quot;:&quot;fadeInUp&quot;,&quot;animation_delay&quot;:300}\">\n\t\t\t<div class=\"elementor-widget-wrap elementor-element-populated\">\n\t\t\t\t\t\t\t\t<div class=\"elementor-element elementor-element-f6a55a9 sc_fly_static elementor-widget elementor-widget-spacer\" data-id=\"f6a55a9\" data-element_type=\"widget\" data-widget_type=\"spacer.default\">\n\t\t\t\t<div class=\"elementor-widget-container\">\n\t\t\t\t\t<div class=\"elementor-spacer\">\n\t\t\t<div class=\"elementor-spacer-inner\"><\/div>\n\t\t<\/div>\n\t\t\t\t<\/div>\n\t\t\t\t<\/div>\n\t\t\t\t<div class=\"elementor-element elementor-element-df24dd9 sc_fly_static elementor-widget elementor-widget-trx_sc_socials\" data-id=\"df24dd9\" data-element_type=\"widget\" data-widget_type=\"trx_sc_socials.default\">\n\t\t\t\t<div class=\"elementor-widget-container\">\n\t\t\t<div  id=\"trx_sc_socials_1541916752\" \n\t\tclass=\"sc_socials sc_socials_default sc_align_center\"><div class=\"socials_wrap\"><a target=\"_blank\" href=\"https:\/\/www.facebook.com\/profile.php?id=100089932853613\" class=\"social_item social_item_style_icons sc_icon_type_icons social_item_type_icons\" rel=\"noopener\"><span class=\"social_icon social_icon_facebook\"><span class=\"icon-facebook\"><\/span><\/span><\/a><a target=\"_blank\" href=\"https:\/\/www.instagram.com\/worldfunding\/\" class=\"social_item social_item_style_icons sc_icon_type_icons social_item_type_icons\" rel=\"noopener\"><span class=\"social_icon social_icon_instagramm\"><span class=\"icon-instagramm\"><\/span><\/span><\/a><a target=\"_blank\" href=\"https:\/\/www.linkedin.com\/company\/world-funding\/\" class=\"social_item social_item_style_icons sc_icon_type_icons social_item_type_icons\" rel=\"noopener\"><span class=\"social_icon social_icon_linkedin\"><span class=\"icon-linkedin\"><\/span><\/span><\/a><a target=\"_blank\" href=\"mailto:contact@worldfunding.org\" class=\"social_item social_item_style_icons sc_icon_type_icons social_item_type_icons\"><span class=\"social_icon social_icon_mail-empty\"><span class=\"icon-mail-empty\"><\/span><\/span><\/a><\/div><!-- \/.socials_wrap --><\/div><!-- \/.sc_socials -->\t\t<\/div>\n\t\t\t\t<\/div>\n\t\t\t\t\t<\/div>\n\t\t<\/div>\n\t\t\t\t\t\t\t<\/div>\n\t\t<\/section>\n\t\t\t\t\t\t\t<\/div>\n\t\t","protected":false},"excerpt":{"rendered":"<p>Thomas Hessel Presidente &#038; CEO Acompanhe a Nossa Mensagem O mundo precisa da nossa ajuda. Agora \u00e9 o momento de agir. Na World Funding, acreditamos que capacitar indiv\u00edduos \u00e9 a chave para desbloquear&hellip;<\/p>\n","protected":false},"author":1,"featured_media":0,"parent":0,"menu_order":0,"comment_status":"closed","ping_status":"closed","template":"","meta":{"footnotes":""},"_links":{"self":[{"href":"https:\/\/worldfunding.org\/br\/wp-json\/wp\/v2\/pages\/10464"}],"collection":[{"href":"https:\/\/worldfunding.org\/br\/wp-json\/wp\/v2\/pages"}],"about":[{"href":"https:\/\/worldfunding.org\/br\/wp-json\/wp\/v2\/types\/page"}],"author":[{"embeddable":true,"href":"https:\/\/worldfunding.org\/br\/wp-json\/wp\/v2\/users\/1"}],"replies":[{"embeddable":true,"href":"https:\/\/worldfunding.org\/br\/wp-json\/wp\/v2\/comments?post=10464"}],"version-history":[{"count":4,"href":"https:\/\/worldfunding.org\/br\/wp-json\/wp\/v2\/pages\/10464\/revisions"}],"predecessor-version":[{"id":11013,"href":"https:\/\/worldfunding.org\/br\/wp-json\/wp\/v2\/pages\/10464\/revisions\/11013"}],"wp:attachment":[{"href":"https:\/\/worldfunding.org\/br\/wp-json\/wp\/v2\/media?parent=10464"}],"curies":[{"name":"wp","href":"https:\/\/api.w.org\/{rel}","templated":true}]}}