{"id":9944,"date":"2023-07-14T08:23:30","date_gmt":"2023-07-14T12:23:30","guid":{"rendered":"https:\/\/worldfunding.org\/calculadora-de-carbono\/"},"modified":"2023-09-05T18:44:14","modified_gmt":"2023-09-05T22:44:14","slug":"calculadora-de-carbono","status":"publish","type":"page","link":"https:\/\/worldfunding.org\/br\/calculadora-de-carbono\/","title":{"rendered":"Calculadora de Carbono"},"content":{"rendered":"\t\t<div data-elementor-type=\"wp-post\" data-elementor-id=\"9944\" class=\"elementor elementor-9944 elementor-58\" data-elementor-post-type=\"page\">\n\t\t\t\t\t\t\t\t\t<section class=\"elementor-section elementor-top-section elementor-element elementor-element-cc952bf elementor-section-boxed elementor-section-height-default elementor-section-height-default\" data-id=\"cc952bf\" data-element_type=\"section\">\n\t\t\t\t\t\t<div class=\"elementor-container elementor-column-gap-extended\">\n\t\t\t\t\t<div class=\"elementor-column elementor-col-100 elementor-top-column elementor-element elementor-element-962a8e9 sc_layouts_column_icons_position_left\" data-id=\"962a8e9\" data-element_type=\"column\">\n\t\t\t<div class=\"elementor-widget-wrap elementor-element-populated\">\n\t\t\t\t\t\t\t\t<div class=\"elementor-element elementor-element-2945805 sc_fly_static elementor-widget elementor-widget-slider_revolution\" data-id=\"2945805\" data-element_type=\"widget\" data-widget_type=\"slider_revolution.default\">\n\t\t\t\t<div class=\"elementor-widget-container\">\n\t\t\t\n\t\t<div class=\"wp-block-themepunch-revslider\">\n\t\t\t<!-- START Calculator REVOLUTION SLIDER 6.6.16 --><p class=\"rs-p-wp-fix\"><\/p>\n\t\t\t<rs-module-wrap id=\"rev_slider_22_1_wrapper\" data-source=\"gallery\" style=\"visibility:hidden;background:transparent;padding:0;margin:0px auto;margin-top:0;margin-bottom:0;\">\n\t\t\t\t<rs-module id=\"rev_slider_22_1\" style=\"\" data-version=\"6.6.16\">\n\t\t\t\t\t<rs-slides style=\"overflow: hidden; position: absolute;\">\n\t\t\t\t\t\t<rs-slide style=\"position: absolute;\" data-key=\"rs-74\" data-title=\"Green Living\" data-description=\"Help Protect The Antarctic Ocean\" data-anim=\"p:dark;\" data-in=\"o:0;\" data-out=\"o:0;\" data-mediafilter=\"perpetua\">\n\t\t\t\t\t\t\t<img decoding=\"async\" src=\"\/\/worldfunding.org\/application\/wp-content\/plugins\/revslider\/public\/assets\/assets\/dummy.png\" alt=\"\" title=\"world-funding-timelapse-of-icebergs-moving-in-jokulsarlon-ice-la-2022-08-04-00-45-32-utc_61.jpeg\" width=\"2560\" height=\"1440\" class=\"rev-slidebg tp-rs-img rs-lazyload\" data-lazyload=\"\/\/worldfunding.org\/application\/wp-content\/uploads\/revslider\/video-media\/world-funding-timelapse-of-icebergs-moving-in-jokulsarlon-ice-la-2022-08-04-00-45-32-utc_61-scaled.jpeg\" data-no-retina>\n\t\t\t\t\t\t\t<rs-bgvideo \n\t\t\t\t\t\t\t\tdata-video=\"w:100%;h:100%;nse:false;l:true;ptimer:false;vfc:true;\"\n\t\t\t\t\t\t\t\tdata-mp4=\"\/\/worldfunding.org\/application\/wp-content\/uploads\/2023\/07\/world-funding-timelapse-of-icebergs-moving-in-jokulsarlon-ice-la-2022-08-04-00-45-32-utc.mp4\"\n\t\t\t\t\t\t\t><\/rs-bgvideo>\n<!--\t\t\t\t\t\t--><rs-zone id=\"rrzt_74\" class=\"rev_row_zone_top\" style=\"z-index: 6;\"><!--\n\n\t\t\t\t\t\t\t\t--><rs-row\n\t\t\t\t\t\t\t\t\tid=\"slider-22-slide-74-layer-9\" \n\t\t\t\t\t\t\t\t\tdata-type=\"row\"\n\t\t\t\t\t\t\t\t\tdata-xy=\"xo:50px,41px,31px,19px;yo:50px,41px,31px,19px;\"\n\t\t\t\t\t\t\t\t\tdata-text=\"s:20,16,12,7;l:0,20,15,9;\"\n\t\t\t\t\t\t\t\t\tdata-cbreak=\"3\"\n\t\t\t\t\t\t\t\t\tdata-wrpcls=\"rs-row-boxed\"\n\t\t\t\t\t\t\t\t\tdata-margin=\"t:155,128,135,120;b:155,128,135,120;\"\n\t\t\t\t\t\t\t\t\tdata-frame_0=\"o:1;\"\n\t\t\t\t\t\t\t\t\tdata-frame_999=\"o:0;st:w;sA:9000;\"\n\t\t\t\t\t\t\t\t\tstyle=\"z-index:6;\"\n\t\t\t\t\t\t\t\t><!--\n\t\t\t\t\t\t\t\t\t--><rs-column\n\t\t\t\t\t\t\t\t\t\tid=\"slider-22-slide-74-layer-10\" \n\t\t\t\t\t\t\t\t\t\tdata-type=\"column\"\n\t\t\t\t\t\t\t\t\t\tdata-xy=\"xo:50px;yo:50px;\"\n\t\t\t\t\t\t\t\t\t\tdata-rsp_bd=\"off\"\n\t\t\t\t\t\t\t\t\t\tdata-column=\"w:100%;a:middle;\"\n\t\t\t\t\t\t\t\t\t\tdata-frame_0=\"o:1;\"\n\t\t\t\t\t\t\t\t\t\tdata-frame_999=\"o:0;st:w;sA:9000;\"\n\t\t\t\t\t\t\t\t\t\tstyle=\"z-index:6;width:100%;\"\n\t\t\t\t\t\t\t\t\t><!--\n\t\t\t\t\t\t\t\t\t\t--><rs-layer\n\t\t\t\t\t\t\t\t\t\t\tid=\"slider-22-slide-74-layer-13\" \n\t\t\t\t\t\t\t\t\t\t\tclass=\"d-din_exp\"\n\t\t\t\t\t\t\t\t\t\t\tdata-type=\"text\"\n\t\t\t\t\t\t\t\t\t\t\tdata-xy=\"xo:224px,184px,139px,85px;yo:172px,142px,107px,66px;\"\n\t\t\t\t\t\t\t\t\t\t\tdata-pos=\"r\"\n\t\t\t\t\t\t\t\t\t\t\tdata-text=\"w:normal;s:80,66,50,40;l:106,87,66,50;fw:700;a:inherit;\"\n\t\t\t\t\t\t\t\t\t\t\tdata-frame_0=\"x:-100%;o:1;\"\n\t\t\t\t\t\t\t\t\t\t\tdata-frame_0_mask=\"u:t;\"\n\t\t\t\t\t\t\t\t\t\t\tdata-frame_1=\"st:9.9432373046875;sp:1500;sR:9.9432373046875;\"\n\t\t\t\t\t\t\t\t\t\t\tdata-frame_1_mask=\"u:t;\"\n\t\t\t\t\t\t\t\t\t\t\tdata-frame_999=\"o:0;st:w;sR:7490.0570678711;\"\n\t\t\t\t\t\t\t\t\t\t\tstyle=\"z-index:11;font-family:d-din_exp ,sans-serif;\"\n\t\t\t\t\t\t\t\t\t\t>Quer saber como voc\u00ea pode reduzir seu impacto no meio ambiente? \n\t\t\t\t\t\t\t\t\t\t<\/rs-layer><!--\n\n\t\t\t\t\t\t\t\t\t\t--><rs-layer\n\t\t\t\t\t\t\t\t\t\t\tid=\"slider-22-slide-74-layer-14\" \n\t\t\t\t\t\t\t\t\t\t\tdata-type=\"shape\"\n\t\t\t\t\t\t\t\t\t\t\tdata-rsp_ch=\"on\"\n\t\t\t\t\t\t\t\t\t\t\tdata-xy=\"xo:50px,41px,31px,19px;yo:249px,205px,155px,95px;\"\n\t\t\t\t\t\t\t\t\t\t\tdata-pos=\"r\"\n\t\t\t\t\t\t\t\t\t\t\tdata-text=\"w:normal;s:20,16,12,7;l:0,20,15,9;\"\n\t\t\t\t\t\t\t\t\t\t\tdata-dim=\"w:100%;h:30px,24px,18px,11px;\"\n\t\t\t\t\t\t\t\t\t\t\tdata-frame_999=\"o:0;st:w;\"\n\t\t\t\t\t\t\t\t\t\t\tstyle=\"z-index:10;background-color:rgba(0,0,0,0);\"\n\t\t\t\t\t\t\t\t\t\t> \n\t\t\t\t\t\t\t\t\t\t<\/rs-layer><!--\n\n\t\t\t\t\t\t\t\t\t\t--><rs-layer\n\t\t\t\t\t\t\t\t\t\t\tid=\"slider-22-slide-74-layer-11\" \n\t\t\t\t\t\t\t\t\t\t\tclass=\"d-din_exp\"\n\t\t\t\t\t\t\t\t\t\t\tdata-type=\"text\"\n\t\t\t\t\t\t\t\t\t\t\tdata-rsp_ch=\"on\"\n\t\t\t\t\t\t\t\t\t\t\tdata-xy=\"xo:222px,183px,139px,85px;yo:504px,416px,316px,194px;\"\n\t\t\t\t\t\t\t\t\t\t\tdata-pos=\"r\"\n\t\t\t\t\t\t\t\t\t\t\tdata-text=\"w:normal;s:24,19,24,20;l:35,28,35,28;a:inherit;\"\n\t\t\t\t\t\t\t\t\t\t\tdata-dim=\"w:919px,919px,90%,90%;\"\n\t\t\t\t\t\t\t\t\t\t\tdata-disp=\"inline-block\"\n\t\t\t\t\t\t\t\t\t\t\tdata-frame_0=\"x:-100%;o:1;\"\n\t\t\t\t\t\t\t\t\t\t\tdata-frame_0_mask=\"u:t;\"\n\t\t\t\t\t\t\t\t\t\t\tdata-frame_1=\"st:9.9432373046875;sp:2000;sR:9.9432373046875;\"\n\t\t\t\t\t\t\t\t\t\t\tdata-frame_1_mask=\"u:t;\"\n\t\t\t\t\t\t\t\t\t\t\tdata-frame_999=\"o:0;st:w;sR:6990.0570678711;\"\n\t\t\t\t\t\t\t\t\t\t\tstyle=\"z-index:9;font-family:d-din_exp ,sans-serif;display:inline-block;\"\n\t\t\t\t\t\t\t\t\t\t>Uma calculadora de pegada de carbono \u00e9 uma ferramenta que pode ajud\u00e1-lo a medir seu impacto no meio ambiente. Ao conhecer a sua pegada de carbono, voc\u00ea pode identificar \u00e1reas onde pode fazer mudan\u00e7as para reduzir as suas emiss\u00f5es. Isso pode envolver mudan\u00e7as em seus h\u00e1bitos de transporte, uso de energia ou dieta. \n\t\t\t\t\t\t\t\t\t\t<\/rs-layer><!--\n\n\t\t\t\t\t\t\t\t\t\t--><rs-layer\n\t\t\t\t\t\t\t\t\t\t\tid=\"slider-22-slide-74-layer-15\" \n\t\t\t\t\t\t\t\t\t\t\tdata-type=\"shape\"\n\t\t\t\t\t\t\t\t\t\t\tdata-rsp_ch=\"on\"\n\t\t\t\t\t\t\t\t\t\t\tdata-xy=\"xo:50px,41px,31px,19px;yo:249px,205px,155px,95px;\"\n\t\t\t\t\t\t\t\t\t\t\tdata-pos=\"r\"\n\t\t\t\t\t\t\t\t\t\t\tdata-text=\"w:normal;s:20,16,12,7;l:0,20,15,9;\"\n\t\t\t\t\t\t\t\t\t\t\tdata-dim=\"w:100%;h:50px,41px,31px,19px;\"\n\t\t\t\t\t\t\t\t\t\t\tdata-frame_999=\"o:0;st:w;\"\n\t\t\t\t\t\t\t\t\t\t\tstyle=\"z-index:8;background-color:rgba(0,0,0,0);\"\n\t\t\t\t\t\t\t\t\t\t> \n\t\t\t\t\t\t\t\t\t\t<\/rs-layer><!--\n\n\t\t\t\t\t\t\t\t\t\t--><a\n\t\t\t\t\t\t\t\t\t\t\tid=\"slider-22-slide-74-layer-12\" \n\t\t\t\t\t\t\t\t\t\t\tclass=\"rs-layer d-din_condensed rev-btn\"\n\t\t\t\t\t\t\t\t\t\t\thref=\"\/carbon-calculator\/individual-carbon-footprint-calculator\/\" target=\"_self\"\n\t\t\t\t\t\t\t\t\t\t\tdata-type=\"button\"\n\t\t\t\t\t\t\t\t\t\t\tdata-rsp_ch=\"on\"\n\t\t\t\t\t\t\t\t\t\t\tdata-xy=\"xo:224px,184px,139px,85px;yo:623px,514px,390px,240px;\"\n\t\t\t\t\t\t\t\t\t\t\tdata-pos=\"r\"\n\t\t\t\t\t\t\t\t\t\t\tdata-text=\"s:17,14,19,17;l:17,14,29,27;ls:2px,1px,2px,2px;fw:700;a:inherit;\"\n\t\t\t\t\t\t\t\t\t\t\tdata-disp=\"inline-block\"\n\t\t\t\t\t\t\t\t\t\t\tdata-padding=\"t:37,31,24,15;r:75,62,47,15;b:37,31,24,15;l:75,62,47,20;\"\n\t\t\t\t\t\t\t\t\t\t\tdata-frame_0=\"x:-100%;o:1;\"\n\t\t\t\t\t\t\t\t\t\t\tdata-frame_0_mask=\"u:t;\"\n\t\t\t\t\t\t\t\t\t\t\tdata-frame_1=\"st:9.9432373046875;sp:2500;sR:9.9432373046875;\"\n\t\t\t\t\t\t\t\t\t\t\tdata-frame_1_mask=\"u:t;\"\n\t\t\t\t\t\t\t\t\t\t\tdata-frame_999=\"o:0;st:w;sR:6490.0570678711;\"\n\t\t\t\t\t\t\t\t\t\t\tdata-frame_hover=\"c:#fff;bgc:#111;bor:0px,0px,0px,0px;oX:50;oY:50;sp:300ms;\"\n\t\t\t\t\t\t\t\t\t\t\tstyle=\"z-index:7;background-color:#000000;font-family:d-din_condensed ,sans-serif;text-transform:uppercase;display:inline-block;outline:none;box-shadow:none;box-sizing:border-box;-moz-box-sizing:border-box;-webkit-box-sizing:border-box;\"\n\t\t\t\t\t\t\t\t\t\t>para indiv\u00edduos \n\t\t\t\t\t\t\t\t\t\t<\/a><!--\n\n\t\t\t\t\t\t\t\t\t\t--><a\n\t\t\t\t\t\t\t\t\t\t\tid=\"slider-22-slide-74-layer-0\" \n\t\t\t\t\t\t\t\t\t\t\tclass=\"rs-layer d-din_condensed rev-btn\"\n\t\t\t\t\t\t\t\t\t\t\thref=\"\/carbon-calculator\/business-carbon-footprint-calculator\/\" target=\"_self\"\n\t\t\t\t\t\t\t\t\t\t\tdata-type=\"button\"\n\t\t\t\t\t\t\t\t\t\t\tdata-rsp_ch=\"on\"\n\t\t\t\t\t\t\t\t\t\t\tdata-xy=\"xo:224px,184px,139px,85px;yo:623px,514px,390px,240px;\"\n\t\t\t\t\t\t\t\t\t\t\tdata-pos=\"r\"\n\t\t\t\t\t\t\t\t\t\t\tdata-text=\"s:17,14,19,17;l:17,14,29,27;ls:2px,1px,2px,2px;fw:700;a:inherit;\"\n\t\t\t\t\t\t\t\t\t\t\tdata-disp=\"inline-block\"\n\t\t\t\t\t\t\t\t\t\t\tdata-margin=\"l:20,17,13,8;\"\n\t\t\t\t\t\t\t\t\t\t\tdata-padding=\"t:37,31,24,15;r:75,62,47,15;b:37,31,24,15;l:75,62,47,20;\"\n\t\t\t\t\t\t\t\t\t\t\tdata-frame_0=\"x:-100%;o:1;\"\n\t\t\t\t\t\t\t\t\t\t\tdata-frame_0_mask=\"u:t;\"\n\t\t\t\t\t\t\t\t\t\t\tdata-frame_1=\"st:9.9432373046875;sp:2500;sR:9.9432373046875;\"\n\t\t\t\t\t\t\t\t\t\t\tdata-frame_1_mask=\"u:t;\"\n\t\t\t\t\t\t\t\t\t\t\tdata-frame_999=\"o:0;st:w;sR:6490.0570678711;\"\n\t\t\t\t\t\t\t\t\t\t\tdata-frame_hover=\"c:#fff;bgc:#111;bor:0px,0px,0px,0px;oX:50;oY:50;sp:300ms;\"\n\t\t\t\t\t\t\t\t\t\t\tstyle=\"z-index:6;background-color:#000000;font-family:d-din_condensed ,sans-serif;text-transform:uppercase;display:inline-block;outline:none;box-shadow:none;box-sizing:border-box;-moz-box-sizing:border-box;-webkit-box-sizing:border-box;\"\n\t\t\t\t\t\t\t\t\t\t>para empresas \n\t\t\t\t\t\t\t\t\t\t<\/a><!--\n\t\t\t\t\t\t\t\t\t--><\/rs-column><!--\n\t\t\t\t\t\t\t\t--><\/rs-row><!--\n\t\t\t\t\t\t\t--><\/rs-zone><!--\n-->\t\t\t\t\t\t<\/rs-slide>\n\t\t\t\t\t<\/rs-slides>\n\t\t\t\t<\/rs-module>\n\t\t\t\t<script>\n\t\t\t\t\tsetREVStartSize({c: 'rev_slider_22_1',rl:[1240,1024,778,480],el:[798,675,575,575],gw:[1240,1024,778,480],gh:[675,675,575,575],type:'standard',justify:'',layout:'fullwidth',mh:\"0\"});if (window.RS_MODULES!==undefined && window.RS_MODULES.modules!==undefined && window.RS_MODULES.modules[\"revslider221\"]!==undefined) {window.RS_MODULES.modules[\"revslider221\"].once = false;window.revapi22 = undefined;if (window.RS_MODULES.checkMinimal!==undefined) window.RS_MODULES.checkMinimal()}\n\t\t\t\t<\/script>\n\t\t\t<\/rs-module-wrap>\n\t\t\t<!-- END REVOLUTION SLIDER -->\n<\/div>\n\n\t\t\t\t<\/div>\n\t\t\t\t<\/div>\n\t\t\t\t\t<\/div>\n\t\t<\/div>\n\t\t\t\t\t\t\t<\/div>\n\t\t<\/section>\n\t\t\t\t<section class=\"elementor-section elementor-top-section elementor-element elementor-element-27b2892 scheme_dark elementor-section-stretched elementor-section-boxed elementor-section-height-default elementor-section-height-default\" data-id=\"27b2892\" data-element_type=\"section\" data-settings=\"{&quot;background_background&quot;:&quot;classic&quot;,&quot;stretch_section&quot;:&quot;section-stretched&quot;}\">\n\t\t\t\t\t\t<div class=\"elementor-container elementor-column-gap-extended\">\n\t\t\t\t\t<div class=\"elementor-column elementor-col-25 elementor-top-column elementor-element elementor-element-83ecbec scheme_dark sc_layouts_column_icons_position_left elementor-invisible\" data-id=\"83ecbec\" data-element_type=\"column\" data-settings=\"{&quot;animation&quot;:&quot;fadeInUp&quot;,&quot;animation_delay&quot;:300}\">\n\t\t\t<div class=\"elementor-widget-wrap elementor-element-populated\">\n\t\t\t\t\t\t\t\t<div class=\"elementor-element elementor-element-97a1348 elementor-position-left elementor-vertical-align-middle sc_fly_static elementor-widget elementor-widget-image-box\" data-id=\"97a1348\" data-element_type=\"widget\" data-widget_type=\"image-box.default\">\n\t\t\t\t<div class=\"elementor-widget-container\">\n\t\t\t<div class=\"elementor-image-box-wrapper\"><figure class=\"elementor-image-box-img\"><a href=\"https:\/\/worldfunding.org\/br\/projetos\/\" tabindex=\"-1\"><img decoding=\"async\" loading=\"lazy\" width=\"150\" height=\"150\" src=\"https:\/\/worldfunding.org\/application\/wp-content\/uploads\/2023\/07\/world-funding-3.56.05-PM-150x150.png\" class=\"attachment-thumbnail size-thumbnail wp-image-8292\" alt=\"\" srcset=\"https:\/\/worldfunding.org\/application\/wp-content\/uploads\/2023\/07\/world-funding-3.56.05-PM-150x150.png 150w, https:\/\/worldfunding.org\/application\/wp-content\/uploads\/2023\/07\/world-funding-3.56.05-PM-90x90.png 90w\" sizes=\"(max-width: 150px) 100vw, 150px\" \/><\/a><\/figure><div class=\"elementor-image-box-content\"><h6 class=\"elementor-image-box-title\"><a href=\"https:\/\/worldfunding.org\/br\/projetos\/\">Confira nossos projetos<\/a><\/h6><\/div><\/div>\t\t<\/div>\n\t\t\t\t<\/div>\n\t\t\t\t\t<\/div>\n\t\t<\/div>\n\t\t\t\t<div class=\"elementor-column elementor-col-25 elementor-top-column elementor-element elementor-element-156da0d scheme_dark sc_layouts_column_icons_position_left elementor-invisible\" data-id=\"156da0d\" data-element_type=\"column\" data-settings=\"{&quot;animation&quot;:&quot;fadeInUp&quot;,&quot;animation_delay&quot;:300}\">\n\t\t\t<div class=\"elementor-widget-wrap elementor-element-populated\">\n\t\t\t\t\t\t\t\t<div class=\"elementor-element elementor-element-cb32206 elementor-position-left elementor-vertical-align-middle sc_fly_static elementor-widget elementor-widget-image-box\" data-id=\"cb32206\" data-element_type=\"widget\" data-widget_type=\"image-box.default\">\n\t\t\t\t<div class=\"elementor-widget-container\">\n\t\t\t<div class=\"elementor-image-box-wrapper\"><figure class=\"elementor-image-box-img\"><a href=\"https:\/\/worldfunding.org\/br\/loja\/\" tabindex=\"-1\"><img decoding=\"async\" loading=\"lazy\" width=\"150\" height=\"150\" src=\"https:\/\/worldfunding.org\/application\/wp-content\/uploads\/2023\/07\/eco-tote-bag-black-front-64b579e22f2aa-150x150.jpg\" class=\"attachment-thumbnail size-thumbnail wp-image-7565\" alt=\"\" srcset=\"https:\/\/worldfunding.org\/application\/wp-content\/uploads\/2023\/07\/eco-tote-bag-black-front-64b579e22f2aa-150x150.jpg 150w, https:\/\/worldfunding.org\/application\/wp-content\/uploads\/2023\/07\/eco-tote-bag-black-front-64b579e22f2aa-400x400.jpg 400w, https:\/\/worldfunding.org\/application\/wp-content\/uploads\/2023\/07\/eco-tote-bag-black-front-64b579e22f2aa-1024x1024.jpg 1024w, https:\/\/worldfunding.org\/application\/wp-content\/uploads\/2023\/07\/eco-tote-bag-black-front-64b579e22f2aa-768x768.jpg 768w, https:\/\/worldfunding.org\/application\/wp-content\/uploads\/2023\/07\/eco-tote-bag-black-front-64b579e22f2aa-1536x1536.jpg 1536w, https:\/\/worldfunding.org\/application\/wp-content\/uploads\/2023\/07\/eco-tote-bag-black-front-64b579e22f2aa-370x370.jpg 370w, https:\/\/worldfunding.org\/application\/wp-content\/uploads\/2023\/07\/eco-tote-bag-black-front-64b579e22f2aa-285x285.jpg 285w, https:\/\/worldfunding.org\/application\/wp-content\/uploads\/2023\/07\/eco-tote-bag-black-front-64b579e22f2aa-90x90.jpg 90w, https:\/\/worldfunding.org\/application\/wp-content\/uploads\/2023\/07\/eco-tote-bag-black-front-64b579e22f2aa-760x760.jpg 760w, https:\/\/worldfunding.org\/application\/wp-content\/uploads\/2023\/07\/eco-tote-bag-black-front-64b579e22f2aa-387x387.jpg 387w, https:\/\/worldfunding.org\/application\/wp-content\/uploads\/2023\/07\/eco-tote-bag-black-front-64b579e22f2aa-500x500.jpg 500w, https:\/\/worldfunding.org\/application\/wp-content\/uploads\/2023\/07\/eco-tote-bag-black-front-64b579e22f2aa-300x300.jpg 300w, https:\/\/worldfunding.org\/application\/wp-content\/uploads\/2023\/07\/eco-tote-bag-black-front-64b579e22f2aa-600x600.jpg 600w, https:\/\/worldfunding.org\/application\/wp-content\/uploads\/2023\/07\/eco-tote-bag-black-front-64b579e22f2aa.jpg 2000w\" sizes=\"(max-width: 150px) 100vw, 150px\" \/><\/a><\/figure><div class=\"elementor-image-box-content\"><h6 class=\"elementor-image-box-title\"><a href=\"https:\/\/worldfunding.org\/br\/loja\/\">Visite nossa Loja <\/a><\/h6><\/div><\/div>\t\t<\/div>\n\t\t\t\t<\/div>\n\t\t\t\t\t<\/div>\n\t\t<\/div>\n\t\t\t\t<div class=\"elementor-column elementor-col-25 elementor-top-column elementor-element elementor-element-e993fb0 scheme_dark sc_layouts_column_icons_position_left elementor-invisible\" data-id=\"e993fb0\" data-element_type=\"column\" data-settings=\"{&quot;animation&quot;:&quot;fadeInUp&quot;,&quot;animation_delay&quot;:300}\">\n\t\t\t<div class=\"elementor-widget-wrap elementor-element-populated\">\n\t\t\t\t\t\t\t\t<div class=\"elementor-element elementor-element-47d064d elementor-position-left elementor-vertical-align-middle sc_fly_static elementor-widget elementor-widget-image-box\" data-id=\"47d064d\" data-element_type=\"widget\" data-widget_type=\"image-box.default\">\n\t\t\t\t<div class=\"elementor-widget-container\">\n\t\t\t<div class=\"elementor-image-box-wrapper\"><figure class=\"elementor-image-box-img\"><a href=\"https:\/\/worldfunding.org\/br\/torne-se-um-patrocinador\/\" tabindex=\"-1\"><img decoding=\"async\" loading=\"lazy\" width=\"150\" height=\"150\" src=\"https:\/\/worldfunding.org\/application\/wp-content\/uploads\/2023\/07\/world-funding-9.23.15-min-150x150.png\" class=\"attachment-thumbnail size-thumbnail wp-image-8142\" alt=\"\" srcset=\"https:\/\/worldfunding.org\/application\/wp-content\/uploads\/2023\/07\/world-funding-9.23.15-min-150x150.png 150w, https:\/\/worldfunding.org\/application\/wp-content\/uploads\/2023\/07\/world-funding-9.23.15-min-285x285.png 285w, https:\/\/worldfunding.org\/application\/wp-content\/uploads\/2023\/07\/world-funding-9.23.15-min-90x90.png 90w, https:\/\/worldfunding.org\/application\/wp-content\/uploads\/2023\/07\/world-funding-9.23.15-min-300x300.png 300w, https:\/\/worldfunding.org\/application\/wp-content\/uploads\/2023\/07\/world-funding-9.23.15-min-370x370.png 370w\" sizes=\"(max-width: 150px) 100vw, 150px\" \/><\/a><\/figure><div class=\"elementor-image-box-content\"><h6 class=\"elementor-image-box-title\"><a href=\"https:\/\/worldfunding.org\/br\/torne-se-um-patrocinador\/\">Seja um Patrocinador<\/a><\/h6><\/div><\/div>\t\t<\/div>\n\t\t\t\t<\/div>\n\t\t\t\t\t<\/div>\n\t\t<\/div>\n\t\t\t\t<div class=\"elementor-column elementor-col-25 elementor-top-column elementor-element elementor-element-99bc808 scheme_dark sc_layouts_column_icons_position_left elementor-invisible\" data-id=\"99bc808\" data-element_type=\"column\" data-settings=\"{&quot;animation&quot;:&quot;fadeInUp&quot;,&quot;animation_delay&quot;:300}\">\n\t\t\t<div class=\"elementor-widget-wrap elementor-element-populated\">\n\t\t\t\t\t\t\t\t<div class=\"elementor-element elementor-element-73921af elementor-position-left elementor-vertical-align-middle sc_fly_static elementor-widget elementor-widget-image-box\" data-id=\"73921af\" data-element_type=\"widget\" data-widget_type=\"image-box.default\">\n\t\t\t\t<div class=\"elementor-widget-container\">\n\t\t\t<div class=\"elementor-image-box-wrapper\"><figure class=\"elementor-image-box-img\"><a href=\"https:\/\/worldfunding.org\/br\/eu-tenho-um-projeto\/\" tabindex=\"-1\"><img decoding=\"async\" loading=\"lazy\" width=\"150\" height=\"150\" src=\"https:\/\/worldfunding.org\/application\/wp-content\/uploads\/2023\/07\/world-funding-fores-d20230719-171836-150x150.jpg\" class=\"attachment-thumbnail size-thumbnail wp-image-7970\" alt=\"\" srcset=\"https:\/\/worldfunding.org\/application\/wp-content\/uploads\/2023\/07\/world-funding-fores-d20230719-171836-150x150.jpg 150w, https:\/\/worldfunding.org\/application\/wp-content\/uploads\/2023\/07\/world-funding-fores-d20230719-171836-285x285.jpg 285w, https:\/\/worldfunding.org\/application\/wp-content\/uploads\/2023\/07\/world-funding-fores-d20230719-171836-90x90.jpg 90w, https:\/\/worldfunding.org\/application\/wp-content\/uploads\/2023\/07\/world-funding-fores-d20230719-171836-300x300.jpg 300w, https:\/\/worldfunding.org\/application\/wp-content\/uploads\/2023\/07\/world-funding-fores-d20230719-171836-370x370.jpg 370w\" sizes=\"(max-width: 150px) 100vw, 150px\" \/><\/a><\/figure><div class=\"elementor-image-box-content\"><h6 class=\"elementor-image-box-title\"><a href=\"https:\/\/worldfunding.org\/br\/eu-tenho-um-projeto\/\">Envie um projeto.<\/a><\/h6><\/div><\/div>\t\t<\/div>\n\t\t\t\t<\/div>\n\t\t\t\t\t<\/div>\n\t\t<\/div>\n\t\t\t\t\t\t\t<\/div>\n\t\t<\/section>\n\t\t\t\t\t\t\t<\/div>\n\t\t","protected":false},"excerpt":{"rendered":"<p>Confira nossos projetos Visite nossa Loja Seja um Patrocinador Envie um projeto.<\/p>\n","protected":false},"author":1,"featured_media":0,"parent":0,"menu_order":0,"comment_status":"closed","ping_status":"closed","template":"","meta":{"footnotes":""},"_links":{"self":[{"href":"https:\/\/worldfunding.org\/br\/wp-json\/wp\/v2\/pages\/9944"}],"collection":[{"href":"https:\/\/worldfunding.org\/br\/wp-json\/wp\/v2\/pages"}],"about":[{"href":"https:\/\/worldfunding.org\/br\/wp-json\/wp\/v2\/types\/page"}],"author":[{"embeddable":true,"href":"https:\/\/worldfunding.org\/br\/wp-json\/wp\/v2\/users\/1"}],"replies":[{"embeddable":true,"href":"https:\/\/worldfunding.org\/br\/wp-json\/wp\/v2\/comments?post=9944"}],"version-history":[{"count":3,"href":"https:\/\/worldfunding.org\/br\/wp-json\/wp\/v2\/pages\/9944\/revisions"}],"predecessor-version":[{"id":10834,"href":"https:\/\/worldfunding.org\/br\/wp-json\/wp\/v2\/pages\/9944\/revisions\/10834"}],"wp:attachment":[{"href":"https:\/\/worldfunding.org\/br\/wp-json\/wp\/v2\/media?parent=9944"}],"curies":[{"name":"wp","href":"https:\/\/api.w.org\/{rel}","templated":true}]}}