{"id":10533,"date":"2023-07-20T21:23:08","date_gmt":"2023-07-21T01:23:08","guid":{"rendered":"https:\/\/worldfunding.org\/product\/plante-10-arvores-e-conserve-500\/"},"modified":"2023-08-25T22:32:47","modified_gmt":"2023-08-26T02:32:47","slug":"plante-10-arvores-e-conserve-500","status":"publish","type":"product","link":"https:\/\/worldfunding.org\/br\/produto\/plante-10-arvores-e-conserve-500\/","title":{"rendered":"Plante 10 \u00e1rvores e conserve 500"},"content":{"rendered":"<p>Dedique fundos e junte-se \u00e0 Amazon Roots para plantar \u00e1rvores e contribuir para a restaura\u00e7\u00e3o da floresta amaz\u00f3nica e do bioma Cerrado, preservando a sua biodiversidade e combatendo as altera\u00e7\u00f5es clim\u00e1ticas.<\/p>\n","protected":false},"excerpt":{"rendered":"<p>Dedique fundos e junte-se \u00e0 Amazon Roots para plantar \u00e1rvores e contribuir para a restaura\u00e7\u00e3o da floresta amaz\u00f3nica e do bioma Cerrado, preservando a sua biodiversidade e combatendo as altera\u00e7\u00f5es clim\u00e1ticas.<\/p>\n","protected":false},"featured_media":8222,"template":"","meta":[],"product_cat":[130],"product_tag":[],"_links":{"self":[{"href":"https:\/\/worldfunding.org\/br\/wp-json\/wp\/v2\/product\/10533"}],"collection":[{"href":"https:\/\/worldfunding.org\/br\/wp-json\/wp\/v2\/product"}],"about":[{"href":"https:\/\/worldfunding.org\/br\/wp-json\/wp\/v2\/types\/product"}],"wp:featuredmedia":[{"embeddable":true,"href":"https:\/\/worldfunding.org\/br\/wp-json\/wp\/v2\/media\/8222"}],"wp:attachment":[{"href":"https:\/\/worldfunding.org\/br\/wp-json\/wp\/v2\/media?parent=10533"}],"wp:term":[{"taxonomy":"product_cat","embeddable":true,"href":"https:\/\/worldfunding.org\/br\/wp-json\/wp\/v2\/product_cat?post=10533"},{"taxonomy":"product_tag","embeddable":true,"href":"https:\/\/worldfunding.org\/br\/wp-json\/wp\/v2\/product_tag?post=10533"}],"curies":[{"name":"wp","href":"https:\/\/api.w.org\/{rel}","templated":true}]}}