{"id":10534,"date":"2023-07-20T21:17:27","date_gmt":"2023-07-21T01:17:27","guid":{"rendered":"https:\/\/worldfunding.org\/product\/compensacoes-de-carbono\/"},"modified":"2023-08-25T22:32:48","modified_gmt":"2023-08-26T02:32:48","slug":"compensacoes-de-carbono","status":"publish","type":"product","link":"https:\/\/worldfunding.org\/br\/produto\/compensacoes-de-carbono\/","title":{"rendered":"Compensa\u00e7\u00f5es de carbono"},"content":{"rendered":"<p><span style=\"font-weight: 400;\">Junte-se ao movimento para combater as altera\u00e7\u00f5es clim\u00e1ticas e compensar a sua pegada de carbono com o World Funding \u2013 juntos, podemos causar um impacto positivo no futuro do planeta.<\/span><\/p>\n<p><span style=\"font-weight: 400;\">Compense uma tonelada de carbono com a World Funding e fa\u00e7a parte da solu\u00e7\u00e3o para combater as altera\u00e7\u00f5es clim\u00e1ticas, garantindo um futuro sustent\u00e1vel para as pr\u00f3ximas gera\u00e7\u00f5es.<span data-sheets-value=\"{\"1\":2,\"2\":\"Offset your carbon footprint with our pre-set carbon offsets at World Funding. Take action for the environment while supporting impactful initiatives| World Funding\"}\" data-sheets-userformat=\"{\"2\":769,\"3\":{\"1\":0},\"11\":4,\"12\":0}\">Compense sua emiss\u00e3o de carbono com nossas compensa\u00e7\u00f5es de carbono predefinidas no World Funding. Aja pelo meio ambiente e ao mesmo tempo apoie iniciativas impactantes | World Funding<\/span><\/span><\/p>\n","protected":false},"excerpt":{"rendered":"<p>Junte-se ao movimento para combater as altera\u00e7\u00f5es clim\u00e1ticas e compensar a sua pegada de carbono com o World Funding \u2013 juntos, podemos causar um impacto positivo no futuro do planeta.<\/p>\n","protected":false},"featured_media":7879,"template":"","meta":[],"product_cat":[130],"product_tag":[],"_links":{"self":[{"href":"https:\/\/worldfunding.org\/br\/wp-json\/wp\/v2\/product\/10534"}],"collection":[{"href":"https:\/\/worldfunding.org\/br\/wp-json\/wp\/v2\/product"}],"about":[{"href":"https:\/\/worldfunding.org\/br\/wp-json\/wp\/v2\/types\/product"}],"wp:featuredmedia":[{"embeddable":true,"href":"https:\/\/worldfunding.org\/br\/wp-json\/wp\/v2\/media\/7879"}],"wp:attachment":[{"href":"https:\/\/worldfunding.org\/br\/wp-json\/wp\/v2\/media?parent=10534"}],"wp:term":[{"taxonomy":"product_cat","embeddable":true,"href":"https:\/\/worldfunding.org\/br\/wp-json\/wp\/v2\/product_cat?post=10534"},{"taxonomy":"product_tag","embeddable":true,"href":"https:\/\/worldfunding.org\/br\/wp-json\/wp\/v2\/product_tag?post=10534"}],"curies":[{"name":"wp","href":"https:\/\/api.w.org\/{rel}","templated":true}]}}