{"id":10537,"date":"2023-07-20T21:01:42","date_gmt":"2023-07-21T01:01:42","guid":{"rendered":"https:\/\/worldfunding.org\/product\/patrocine-a-educacao-de-uma-crianca\/"},"modified":"2023-08-25T22:32:48","modified_gmt":"2023-08-26T02:32:48","slug":"patrocinar-a-educacao-de-criancas","status":"publish","type":"product","link":"https:\/\/worldfunding.org\/br\/produto\/patrocinar-a-educacao-de-criancas\/","title":{"rendered":"Patrocine a educa\u00e7\u00e3o de uma crian\u00e7a"},"content":{"rendered":"<p><span style=\"font-weight: 400;\">Com US$ 155 por m\u00eas voc\u00ea investe no futuro do aluno atrav\u00e9s do Instituto Verdescola! Atrav\u00e9s do programa de educa\u00e7\u00e3o complementar, que acontece de segunda a sexta-feira com dura\u00e7\u00e3o di\u00e1ria de 4,5 horas, voc\u00ea proporciona uma educa\u00e7\u00e3o de qualidade e um futuro com mais oportunidades. O programa tamb\u00e9m oferece treinamento esportivo infantil e a oportunidade de aprender programa\u00e7\u00e3o e rob\u00f3tica.<\/span><\/p>\n","protected":false},"excerpt":{"rendered":"<p><span style=\"font-weight: 400;\">Com US$ 155 por m\u00eas voc\u00ea investe no futuro do aluno atrav\u00e9s do Instituto Verdescola! Atrav\u00e9s do programa de educa\u00e7\u00e3o complementar, que acontece de segunda a sexta-feira com dura\u00e7\u00e3o di\u00e1ria de 4,5 horas, voc\u00ea proporciona uma educa\u00e7\u00e3o de qualidade e um futuro com mais oportunidades. O programa tamb\u00e9m oferece treinamento esportivo infantil e a oportunidade de aprender programa\u00e7\u00e3o e rob\u00f3tica.<\/span><\/p>\n","protected":false},"featured_media":8283,"template":"","meta":[],"product_cat":[130],"product_tag":[],"_links":{"self":[{"href":"https:\/\/worldfunding.org\/br\/wp-json\/wp\/v2\/product\/10537"}],"collection":[{"href":"https:\/\/worldfunding.org\/br\/wp-json\/wp\/v2\/product"}],"about":[{"href":"https:\/\/worldfunding.org\/br\/wp-json\/wp\/v2\/types\/product"}],"wp:featuredmedia":[{"embeddable":true,"href":"https:\/\/worldfunding.org\/br\/wp-json\/wp\/v2\/media\/8283"}],"wp:attachment":[{"href":"https:\/\/worldfunding.org\/br\/wp-json\/wp\/v2\/media?parent=10537"}],"wp:term":[{"taxonomy":"product_cat","embeddable":true,"href":"https:\/\/worldfunding.org\/br\/wp-json\/wp\/v2\/product_cat?post=10537"},{"taxonomy":"product_tag","embeddable":true,"href":"https:\/\/worldfunding.org\/br\/wp-json\/wp\/v2\/product_tag?post=10537"}],"curies":[{"name":"wp","href":"https:\/\/api.w.org\/{rel}","templated":true}]}}