{"id":10538,"date":"2023-07-17T13:27:04","date_gmt":"2023-07-17T17:27:04","guid":{"rendered":"https:\/\/worldfunding.org\/product\/saco-de-viagem-ecologico\/"},"modified":"2023-08-25T22:32:49","modified_gmt":"2023-08-26T02:32:49","slug":"saco-de-viagem-ecologico","status":"publish","type":"product","link":"https:\/\/worldfunding.org\/br\/produto\/saco-de-viagem-ecologico\/","title":{"rendered":"Saco de viagem ecol\u00f3gico"},"content":{"rendered":"<p>Diga adeus ao pl\u00e1stico e guarde suas guloseimas nesta sacola de algod\u00e3o org\u00e2nico. H\u00e1 espa\u00e7o mais do que suficiente para mantimentos, livros e qualquer coisa entre eles.<\/p>\n<p>&#8211; Sarja 3\/1 100% algod\u00e3o org\u00e2nico certificado<br \/>\n&#8211; Peso do tecido: 8 oz\/yd\u00b2 (272 g\/m\u00b2)<br \/>\n&#8211; Dimens\u00f5es: 16\u2033 \u00d7 14 \u00bd\u2033 \u00d7 5\u2033 (40,6 cm \u00d7 35,6 cm \u00d7 12,7 cm)<br \/>\n&#8211; Limite de peso: 30 lbs (13,6 kg)<br \/>\n&#8211; Correias duplas com 2,5 cm de largura e 24,5 cm de comprimento<br \/>\n&#8211; Compartimento principal aberto<br \/>\n&#8211; Componentes do produto em branco provenientes do Vietname<\/p>\n<p>Este produto \u00e9 feito especialmente para voc\u00ea assim que faz a encomenda, raz\u00e3o pela qual demoramos um pouco mais a entregar-lo. Fabricar produtos sob demanda em vez de a granel ajuda a reduzir a superprodu\u00e7\u00e3o, por isso, obrigado por tomar decis\u00f5es de compra criteriosas!<\/p>\n","protected":false},"excerpt":{"rendered":"<p>Diga adeus ao pl\u00e1stico e guarde suas guloseimas nesta sacola de algod\u00e3o org\u00e2nico. H\u00e1 espa\u00e7o mais do que suficiente para mantimentos, livros e qualquer coisa entre eles. &#8211; Sarja 3\/1 100% algod\u00e3o org\u00e2nico&hellip;<\/p>\n","protected":false},"featured_media":7565,"template":"","meta":[],"product_cat":[131],"product_tag":[],"_links":{"self":[{"href":"https:\/\/worldfunding.org\/br\/wp-json\/wp\/v2\/product\/10538"}],"collection":[{"href":"https:\/\/worldfunding.org\/br\/wp-json\/wp\/v2\/product"}],"about":[{"href":"https:\/\/worldfunding.org\/br\/wp-json\/wp\/v2\/types\/product"}],"wp:featuredmedia":[{"embeddable":true,"href":"https:\/\/worldfunding.org\/br\/wp-json\/wp\/v2\/media\/7565"}],"wp:attachment":[{"href":"https:\/\/worldfunding.org\/br\/wp-json\/wp\/v2\/media?parent=10538"}],"wp:term":[{"taxonomy":"product_cat","embeddable":true,"href":"https:\/\/worldfunding.org\/br\/wp-json\/wp\/v2\/product_cat?post=10538"},{"taxonomy":"product_tag","embeddable":true,"href":"https:\/\/worldfunding.org\/br\/wp-json\/wp\/v2\/product_tag?post=10538"}],"curies":[{"name":"wp","href":"https:\/\/api.w.org\/{rel}","templated":true}]}}