{"id":10539,"date":"2023-07-17T13:26:37","date_gmt":"2023-07-17T17:26:37","guid":{"rendered":"https:\/\/worldfunding.org\/product\/sweatshirt-unissexo\/"},"modified":"2023-08-25T22:40:20","modified_gmt":"2023-08-26T02:40:20","slug":"unisex-sweatshirt","status":"publish","type":"product","link":"https:\/\/worldfunding.org\/br\/produto\/unisex-sweatshirt\/","title":{"rendered":"Sweatshirt unissexo"},"content":{"rendered":"<p>Uma sweatshirt resistente e quente que ir\u00e1 mant\u00ea-lo aquecido nos meses mais frios. Um su\u00e9ter pr\u00e9-encolhido e de ajuste cl\u00e1ssico feito com fio fiado a jato de ar para um toque macio e menos bolinhas.<\/p>\n<p>&#8211; 50% algod\u00e3o, 50% poli\u00e9ster<br \/>\n&#8211; Pr\u00e9-encolhido<br \/>\n&#8211; Ajuste cl\u00e1ssico<br \/>\n&#8211; Gola em malha canelada atl\u00e9tica 1&#215;1 com elastano<br \/>\n&#8211; Fio fiado a jato de ar com um toque macio e redu\u00e7\u00e3o dos borbotos<br \/>\n&#8211; Gola, ombros, cavas, punhos e bainha com pesponto duplo<\/p>\n<p>Este produto \u00e9 feito especialmente para voc\u00ea assim que faz a encomenda, raz\u00e3o pela qual demoramos um pouco mais a entregar-lo. Fabricar produtos sob demanda em vez de a granel ajuda a reduzir a superprodu\u00e7\u00e3o, por isso, obrigado por tomar decis\u00f5es de compra criteriosas!<\/p>\n","protected":false},"excerpt":{"rendered":"<p>Uma sweatshirt resistente e quente que ir\u00e1 mant\u00ea-lo aquecido nos meses mais frios. Um su\u00e9ter pr\u00e9-encolhido e de ajuste cl\u00e1ssico feito com fio fiado a jato de ar para um toque macio e&hellip;<\/p>\n","protected":false},"featured_media":7561,"template":"","meta":[],"product_cat":[131],"product_tag":[],"_links":{"self":[{"href":"https:\/\/worldfunding.org\/br\/wp-json\/wp\/v2\/product\/10539"}],"collection":[{"href":"https:\/\/worldfunding.org\/br\/wp-json\/wp\/v2\/product"}],"about":[{"href":"https:\/\/worldfunding.org\/br\/wp-json\/wp\/v2\/types\/product"}],"wp:featuredmedia":[{"embeddable":true,"href":"https:\/\/worldfunding.org\/br\/wp-json\/wp\/v2\/media\/7561"}],"wp:attachment":[{"href":"https:\/\/worldfunding.org\/br\/wp-json\/wp\/v2\/media?parent=10539"}],"wp:term":[{"taxonomy":"product_cat","embeddable":true,"href":"https:\/\/worldfunding.org\/br\/wp-json\/wp\/v2\/product_cat?post=10539"},{"taxonomy":"product_tag","embeddable":true,"href":"https:\/\/worldfunding.org\/br\/wp-json\/wp\/v2\/product_tag?post=10539"}],"curies":[{"name":"wp","href":"https:\/\/api.w.org\/{rel}","templated":true}]}}