{"id":10545,"date":"2023-07-17T13:25:53","date_gmt":"2023-07-17T17:25:53","guid":{"rendered":"https:\/\/worldfunding.org\/product\/capa-para-laptop\/"},"modified":"2023-07-17T13:25:53","modified_gmt":"2023-07-17T17:25:53","slug":"capa-para-laptop","status":"publish","type":"product","link":"https:\/\/worldfunding.org\/br\/produto\/capa-para-laptop\/","title":{"rendered":"Capa para laptop"},"content":{"rendered":"<p>Proteja seu laptop com estilo &#8211; compre esta capa confort\u00e1vel e leve para laptop! Para evitar marcas de arranh\u00f5es, cont\u00e9m z\u00edper interno acolchoado e seu interior \u00e9 totalmente forrado com pele sint\u00e9tica. Al\u00e9m do mais, \u00e9 feito de um material resistente \u00e0 \u00e1gua, \u00f3leo e calor, garantindo que a capa do seu laptop tenha a mesma apar\u00eancia que voc\u00ea em qualquer dia da semana!<\/p>\n<p>&#8211; 100% neopreno<br \/>\n&#8211; Peso da manga de 13\u2033: 6,49 oz (220 g)<br \/>\n&#8211; Peso da manga de 15\u2033: 8,8 oz (250 g)<br \/>\n&#8211; Leve e resistente \u00e0 \u00e1gua, ao \u00f3leo e ao calor<br \/>\n&#8211; Ajuste confort\u00e1vel<br \/>\n&#8211; Forro interior em pele sint\u00e9tica<br \/>\n&#8211; Compartimento superior com fecho de correr e duas corredi\u00e7as<br \/>\n&#8211; Fecho de correr almofadado<br \/>\n&#8211; Produto em branco proveniente da China<\/p>\n","protected":false},"excerpt":{"rendered":"<p>Proteja seu laptop com estilo &#8211; compre esta capa confort\u00e1vel e leve para laptop! Para evitar marcas de arranh\u00f5es, cont\u00e9m z\u00edper interno acolchoado e seu interior \u00e9 totalmente forrado com pele sint\u00e9tica. Al\u00e9m&hellip;<\/p>\n","protected":false},"featured_media":7546,"template":"","meta":[],"product_cat":[131],"product_tag":[],"_links":{"self":[{"href":"https:\/\/worldfunding.org\/br\/wp-json\/wp\/v2\/product\/10545"}],"collection":[{"href":"https:\/\/worldfunding.org\/br\/wp-json\/wp\/v2\/product"}],"about":[{"href":"https:\/\/worldfunding.org\/br\/wp-json\/wp\/v2\/types\/product"}],"wp:featuredmedia":[{"embeddable":true,"href":"https:\/\/worldfunding.org\/br\/wp-json\/wp\/v2\/media\/7546"}],"wp:attachment":[{"href":"https:\/\/worldfunding.org\/br\/wp-json\/wp\/v2\/media?parent=10545"}],"wp:term":[{"taxonomy":"product_cat","embeddable":true,"href":"https:\/\/worldfunding.org\/br\/wp-json\/wp\/v2\/product_cat?post=10545"},{"taxonomy":"product_tag","embeddable":true,"href":"https:\/\/worldfunding.org\/br\/wp-json\/wp\/v2\/product_tag?post=10545"}],"curies":[{"name":"wp","href":"https:\/\/api.w.org\/{rel}","templated":true}]}}